{"id":360,"date":"2022-07-29T11:59:26","date_gmt":"2022-07-29T11:59:26","guid":{"rendered":"https:\/\/www.beautyclinicsonvida.com\/?post_type=product&#038;p=360"},"modified":"2026-02-21T07:01:24","modified_gmt":"2026-02-21T07:01:24","slug":"detox-drainage-body","status":"publish","type":"product","link":"https:\/\/www.beautyclinicsonvida.com\/de\/produkt\/detox-drainage-body\/","title":{"rendered":"DETOX  DRAINAGE BODY CREAM reduces water retention in legs"},"content":{"rendered":"<h3 class=\"single-post-title product_title entry-title\">DETOX BODY DRAINAGE Creme<\/h3>\n<h3>BEAUTY AWARD WINNER 2019<\/h3>\n<blockquote>\n<p class=\"has-text-color has-background has-very-dark-gray-color\"><strong>Diese DETOX BODY DRAINAGE Creme reduziert gezielt CELLULITE (Fettablagerungen) und wirkt wie ein ECHTES DRAINING ELIXIER.<\/strong><\/p>\n<\/blockquote>\n<p><a href=\"http:\/\/www.beautyclinicsonvida.com\/wp-content\/uploads\/2022\/07\/Detox_Body.png\"><img fetchpriority=\"high\" decoding=\"async\" class=\"wp-image-361 aligncenter\" src=\"http:\/\/www.beautyclinicsonvida.com\/wp-content\/uploads\/2022\/07\/Detox_Body-300x107.png\" alt=\"\" width=\"487\" height=\"174\" srcset=\"https:\/\/www.beautyclinicsonvida.com\/wp-content\/uploads\/2022\/07\/Detox_Body-300x107.png 300w, https:\/\/www.beautyclinicsonvida.com\/wp-content\/uploads\/2022\/07\/Detox_Body.png 600w\" sizes=\"(max-width: 487px) 100vw, 487px\" \/><\/a><\/p>\n<h4 class=\"has-text-color has-background has-very-dark-gray-color\">DIESE UMFASSENDE DETOX-K\u00d6RPERDRAINAGECREME WURDE SPEZIELL ENTWICKELT, UM DIE FIGUR NEU ZU DEFINIEREN UND DIE AUSLEITUNG VON GIFTSTOFFEN ZU UNTERST\u00dcTZEN.<\/h4>\n<p><a href=\"http:\/\/www.beautyclinicsonvida.com\/wp-content\/uploads\/2022\/07\/detoxbody_-1.png\"><img decoding=\"async\" class=\"wp-image-362 aligncenter\" src=\"http:\/\/www.beautyclinicsonvida.com\/wp-content\/uploads\/2022\/07\/detoxbody_-1-300x113.png\" alt=\"Detox Body Drainage\" width=\"483\" height=\"182\" srcset=\"https:\/\/www.beautyclinicsonvida.com\/wp-content\/uploads\/2022\/07\/detoxbody_-1-300x113.png 300w, https:\/\/www.beautyclinicsonvida.com\/wp-content\/uploads\/2022\/07\/detoxbody_-1.png 600w\" sizes=\"(max-width: 483px) 100vw, 483px\" \/><\/a><\/p>\n<p><strong>Der MULTIAKTIVE WIRKSTOFF hat eine WIRKSAME Wirkung, die 24 Stunden am Tag in jeder Situation wirkt. ANTI-CELLULITE- und ANTI-FET-ZELLENSPEICHERUNG, unabh\u00e4ngig davon, ob Sie sich ausruhen, spazieren gehen, joggen, Sport treiben, unter Stress stehen, bei der Arbeit oder nach dem Essen sind.<\/strong><\/p>\n<p><strong>Kraftvolle Lymphdrainage<\/strong><\/p>\n<p><strong>Sofortige und langfristige Entw\u00e4sserungswirkung f\u00fcr 24 Stunden<\/strong><\/p>\n<p><strong>WIRKT GEGEN ALLE FORMEN VON K\u00d6RPERFETT<\/strong><\/p>\n<blockquote><p><span style=\"color: #000000;\">DETOX DRAINAGE ist ein aktives Produkt, das 24 Stunden am Tag und unter allen Umst\u00e4nden zur Reduzierung von lokalisiertem Fett und Cellulite beitr\u00e4gt.<\/span><\/p><\/blockquote>\n<p>&nbsp;<\/p>\n<p><strong>Anwendung:<\/strong> <span style=\"color: #000000;\">Tragen Sie das Produkt t\u00e4glich auf die Bereiche Beine, Bauch, H\u00fcfte, Arme und R\u00fccken auf. Sanft in die Haut einmassieren.<\/span><\/p>\n<p><span style=\"color: #000000;\"><strong>Empfehlung:<\/strong> Verwenden Sie DETOX DRAINAGE t\u00e4glich und Sie werden die besten Ergebnisse erzielen.<\/span><\/p>\n<p>&nbsp;<\/p>\n<p>HERO INGREDIENTS<\/p>\n<ul>\n<li>\n<h4>Juniperus virginiana\/ hat eine lymphdrainierende Wirkung<\/h4>\n<\/li>\n<li>\n<h4>Rosmarinus officinalis\/ st\u00e4rkt die Gef\u00e4\u00dfe<\/h4>\n<\/li>\n<li><strong>Thymus vulgaris\/ wirkt sich positiv auf Ihre Gef\u00fchle und Stimmung aus<\/strong><\/li>\n<li>\n<h4>Ruscus aculeatus-Wurzelextrakt\/ wirkt 24 Stunden lang und hilft, lokalisiertes Fett und Cellulite zu reduzieren<\/h4>\n<\/li>\n<\/ul>\n<section class=\"related products\"><\/section>","protected":false},"excerpt":{"rendered":"<p><span style=\"color: #333333;\">200ml<\/span><\/p>\n<ul>\n<li><span style=\"color: #000000;\"><strong>Gewinner des Beauty AWARD's 2019 in London<\/strong><\/span><\/li>\n<li><span style=\"color: #000000;\">Reduziert Wassereinlagerungen in den Beinen\u00a0<strong>intensive Wirkung<\/strong><\/span><\/li>\n<li><span style=\"color: #000000;\"><strong>BIO-aktiver Wirkstoff, der 24 Stunden lang wirkt<\/strong><\/span><\/li>\n<li><span style=\"color: #000000;\"><strong>Tiefe Drainage, reduziert Spannungsgef\u00fchle und Schwellungen<\/strong><\/span><\/li>\n<li><span style=\"color: #000000;\">Effektvoll\u00a0<strong>gegen Fettzellen<\/strong><\/span><\/li>\n<li><span style=\"color: #000000;\">Verbessert und\u00a0<strong>erleichtert schwere Beine<\/strong><\/span><\/li>\n<li><span style=\"color: #000000;\"><strong>Detox-Effekt<\/strong>\u00a0Dank\u00a0<strong>Lymphwasser &amp; Giftstoffe aus<\/strong><\/span><\/li>\n<li><span style=\"color: #000000;\"><strong>Reduziert Cellulite\u00a0<\/strong><\/span><\/li>\n<\/ul>\n<p><a href=\"http:\/\/www.beautyclinicsonvida.com\/wp-content\/uploads\/2022\/07\/DETOX_awardwinner.jpeg\"><img decoding=\"async\" class=\"wp-image-363 aligncenter\" src=\"http:\/\/www.beautyclinicsonvida.com\/wp-content\/uploads\/2022\/07\/DETOX_awardwinner-296x300.jpeg\" alt=\"\" width=\"160\" height=\"163\" srcset=\"https:\/\/www.beautyclinicsonvida.com\/wp-content\/uploads\/2022\/07\/DETOX_awardwinner-296x300.jpeg 296w, https:\/\/www.beautyclinicsonvida.com\/wp-content\/uploads\/2022\/07\/DETOX_awardwinner.jpeg 311w\" sizes=\"(max-width: 160px) 100vw, 160px\" \/><\/a><\/p>","protected":false},"featured_media":554,"comment_status":"open","ping_status":"closed","template":"","meta":{"ocean_post_layout":"full-width","ocean_both_sidebars_style":"","ocean_both_sidebars_content_width":0,"ocean_both_sidebars_sidebars_width":0,"ocean_sidebar":"0","ocean_second_sidebar":"0","ocean_disable_margins":"enable","ocean_add_body_class":"","ocean_shortcode_before_top_bar":"","ocean_shortcode_after_top_bar":"","ocean_shortcode_before_header":"","ocean_shortcode_after_header":"","ocean_has_shortcode":"","ocean_shortcode_after_title":"","ocean_shortcode_before_footer_widgets":"","ocean_shortcode_after_footer_widgets":"","ocean_shortcode_before_footer_bottom":"","ocean_shortcode_after_footer_bottom":"","ocean_display_top_bar":"default","ocean_display_header":"default","ocean_header_style":"","ocean_center_header_left_menu":"0","ocean_custom_header_template":"0","ocean_custom_logo":0,"ocean_custom_retina_logo":0,"ocean_custom_logo_max_width":0,"ocean_custom_logo_tablet_max_width":0,"ocean_custom_logo_mobile_max_width":0,"ocean_custom_logo_max_height":0,"ocean_custom_logo_tablet_max_height":0,"ocean_custom_logo_mobile_max_height":0,"ocean_header_custom_menu":"0","ocean_menu_typo_font_family":"0","ocean_menu_typo_font_subset":"","ocean_menu_typo_font_size":0,"ocean_menu_typo_font_size_tablet":0,"ocean_menu_typo_font_size_mobile":0,"ocean_menu_typo_font_size_unit":"px","ocean_menu_typo_font_weight":"","ocean_menu_typo_font_weight_tablet":"","ocean_menu_typo_font_weight_mobile":"","ocean_menu_typo_transform":"","ocean_menu_typo_transform_tablet":"","ocean_menu_typo_transform_mobile":"","ocean_menu_typo_line_height":0,"ocean_menu_typo_line_height_tablet":0,"ocean_menu_typo_line_height_mobile":0,"ocean_menu_typo_line_height_unit":"","ocean_menu_typo_spacing":0,"ocean_menu_typo_spacing_tablet":0,"ocean_menu_typo_spacing_mobile":0,"ocean_menu_typo_spacing_unit":"","ocean_menu_link_color":"","ocean_menu_link_color_hover":"","ocean_menu_link_color_active":"","ocean_menu_link_background":"","ocean_menu_link_hover_background":"","ocean_menu_link_active_background":"","ocean_menu_social_links_bg":"","ocean_menu_social_hover_links_bg":"","ocean_menu_social_links_color":"","ocean_menu_social_hover_links_color":"","ocean_disable_title":"on","ocean_disable_heading":"default","ocean_post_title":"","ocean_post_subheading":"","ocean_post_title_style":"","ocean_post_title_background_color":"","ocean_post_title_background":0,"ocean_post_title_bg_image_position":"","ocean_post_title_bg_image_attachment":"","ocean_post_title_bg_image_repeat":"","ocean_post_title_bg_image_size":"","ocean_post_title_height":0,"ocean_post_title_bg_overlay":0.5,"ocean_post_title_bg_overlay_color":"","ocean_disable_breadcrumbs":"off","ocean_breadcrumbs_color":"","ocean_breadcrumbs_separator_color":"","ocean_breadcrumbs_links_color":"","ocean_breadcrumbs_links_hover_color":"","ocean_display_footer_widgets":"default","ocean_display_footer_bottom":"default","ocean_custom_footer_template":"0"},"product_cat":[25],"product_tag":[],"_links":{"self":[{"href":"https:\/\/www.beautyclinicsonvida.com\/de\/wp-json\/wp\/v2\/product\/360"}],"collection":[{"href":"https:\/\/www.beautyclinicsonvida.com\/de\/wp-json\/wp\/v2\/product"}],"about":[{"href":"https:\/\/www.beautyclinicsonvida.com\/de\/wp-json\/wp\/v2\/types\/product"}],"replies":[{"embeddable":true,"href":"https:\/\/www.beautyclinicsonvida.com\/de\/wp-json\/wp\/v2\/comments?post=360"}],"wp:featuredmedia":[{"embeddable":true,"href":"https:\/\/www.beautyclinicsonvida.com\/de\/wp-json\/wp\/v2\/media\/554"}],"wp:attachment":[{"href":"https:\/\/www.beautyclinicsonvida.com\/de\/wp-json\/wp\/v2\/media?parent=360"}],"wp:term":[{"taxonomy":"product_cat","embeddable":true,"href":"https:\/\/www.beautyclinicsonvida.com\/de\/wp-json\/wp\/v2\/product_cat?post=360"},{"taxonomy":"product_tag","embeddable":true,"href":"https:\/\/www.beautyclinicsonvida.com\/de\/wp-json\/wp\/v2\/product_tag?post=360"}],"curies":[{"name":"wp","href":"https:\/\/api.w.org\/{rel}","templated":true}]}}