{"id":382,"date":"2022-07-29T13:12:35","date_gmt":"2022-07-29T13:12:35","guid":{"rendered":"https:\/\/www.beautyclinicsonvida.com\/?post_type=product&#038;p=382"},"modified":"2024-10-17T19:31:57","modified_gmt":"2024-10-17T19:31:57","slug":"anti-aging-rich-cocktail-cream","status":"publish","type":"product","link":"https:\/\/www.beautyclinicsonvida.com\/de\/produkt\/anti-aging-rich-cocktail-cream\/","title":{"rendered":"BEAUTY COCKTAIL +VITAMIN ACE CREAM enhancing skin brightness"},"content":{"rendered":"<p><span style=\"color: #000000;\">BEAUTY COCKTAIL +VITAMIN ACE Cream<\/span><\/p>\n<blockquote><p><strong>Ein intensiver BEAUTY-COCKTAIL aus den Tiefen der ANTARKTIS, der der Haut ein j\u00fcngeres Aussehen verleihen kann, das ULTIMATIVE Produkt zur Straffung der Gesichtshaut<\/strong><\/p>\n<p><strong>A NEW COLLAGEN ERA\u00a0<\/strong><\/p><\/blockquote>\n<div class=\"page\" title=\"Page 1\">\n<div class=\"section\">\n<div class=\"layoutArea\">\n<div class=\"column\">\n<p>&nbsp;<\/p>\n<p>Hyalurons\u00e4ure st\u00e4rkt die nat\u00fcrliche Barrierefunktion der Haut, lindert Entz\u00fcndungen und sorgt f\u00fcr eine intensive Feuchtigkeitsversorgung sowohl der oberfl\u00e4chlichen als auch der tieferen Hautschichten.<\/p>\n<p>Vitamin E unterst\u00fctzt die n\u00e4chtlichen Erneuerungsprozesse der Haut und versorgt die Zellen vollst\u00e4ndig mit Feuchtigkeit, sodass sie effektiv funktionieren und ihre Energie auf Reparatur und Verj\u00fcngung konzentrieren k\u00f6nnen.<\/p>\n<p><strong><span lang=\"de\">Die in diesem hochwertigen Produkt enthaltenen Bioorganismen aus der ANTARKTIS stimulieren das Zellwachstum, tragen zur STRAFFUNG und VERJ\u00dcNGUNG der Haut bei und sch\u00fctzen vor freien Radikalen<\/span><\/strong><\/p>\n<p>BEAUTY COCKTAIL +VITAMIN ACE Creme ist <strong>das beste Produkt f\u00fcr den Alltag, um Ihre Haut zum Strahlen zu bringen<\/strong><\/p>\n<p><strong>Unterst\u00fctzt die Feuchtigkeitsversorgung der Haut, sodass die Haut straffer und feiner aussieht<\/strong><\/p>\n<p>A NEW COLLAGEN ERA\u00a0 FOR YOUR BEAUTY<\/p>\n<\/div>\n<p>&nbsp;<\/p>\n<p><strong><span style=\"color: #ff6600;\">Vitamin A<\/span><\/strong><\/p>\n<p><span style=\"color: #000000;\">Dieser Inhaltsstoff hat eine nachgewiesene hautverj\u00fcngende Wirkung. Vitamin A steigert die Produktion von Pro-Kollagen Typ I und Typ III in Ihrer Haut, was zu einer erh\u00f6hten Kollagenbildung in der Dermis f\u00fchrt. Die Haut bleibt jung, fest und geschmeidig.<\/span><\/p>\n<p><strong><span style=\"color: #ff6600;\">Vitamin C<\/span><\/strong><\/p>\n<p><span style=\"color: #000000;\">Vitamin C f\u00f6rdert die Kollagenproduktion, die die Dermis verdicken, feine Linien mindern und f\u00fcr eine straffe, jugendliche Haut unerl\u00e4sslich sein kann. Dar\u00fcber hinaus ist Vitamin C ein Antioxidans, das hei\u00dft, es sch\u00fctzt die Hautzellen vor sch\u00e4dlichen freien Radikalen, die durch UV-Strahlung verursacht werden.<\/span><\/p>\n<p><strong><span style=\"color: #ff6600;\">Vitamin E<\/span><\/strong><\/p>\n<p><span style=\"color: #000000;\">Vitamin E sch\u00fctzt die Haut vor verschiedenen sch\u00e4dlichen Auswirkungen der Sonneneinstrahlung, indem es als Radikalf\u00e4nger wirkt. Experimentelle Studien legen nahe, dass Vitamin E antitumorigene und lichtsch\u00fctzende Eigenschaften hat.<\/span><\/p>\n<\/div>\n<p>&nbsp;<\/p>\n<p><strong>Anwendung: <\/strong>T<span style=\"color: #000000;\">ragen Sie das Produkt morgens oder abends auf die gereinigte Haut von Gesicht, Hals und Brust auf.<\/span><\/p>\n<p><span style=\"color: #000000;\"><strong>Empfehlung: <\/strong>Verwenden Sie t\u00e4glich die BEAUTY COCKTAIL + VITAMIN ACE-Creme. Sie erhalten das beste Ergebnis, einen ebenm\u00e4\u00dfigen, straffen und strahlenden Teint, ein Produkt mit preisgekr\u00f6nten Inhaltsstoffen. Die Wirksamkeit wurde in Studien best\u00e4tigt.<\/span><\/p>\n<p>&nbsp;<\/p>\n<p>HERO INGREDIENTS<\/p>\n<ul>\n<li><strong>3D-Hyalurons\u00e4ure spendet 120 Stunden Feuchtigkeit<\/strong><\/li>\n<li>A NEW COLLAGEN ERA PLANT-BASED<\/li>\n<li>\n<h4>Vitamin A, Tretinoin, kann zur Verbesserung des Aussehens beitragen <span lang=\"de\">mit <\/span>linien<span lang=\"de\">&#8211;<\/span>und dunkle Flecken.<\/h4>\n<\/li>\n<li><strong>Vitamin C hilft, R\u00f6tungen zu reduzieren und Ihren Hautton auszugleichen. Verleiht der Haut eine feuchtigkeitsspendende Wirkung<span lang=\"de\">&#8211;<\/span>und kann helfen, die Pigmentierung zu verblassen. Verleiht der Haut einen jugendlichen Glanz.<\/strong><\/li>\n<li>\n<h4>Vitamin E spendet Feuchtigkeit und h\u00e4lt die Haut gut mit Feuchtigkeit versorgt <span lang=\"de\">mit <\/span>Vitamin E beugt Falten vor und behandelt sie. Unterst\u00fctzt die Zellfunktion und die Hautgesundheit, wirkt antioxidativ und reduziert UV-Sch\u00e4den der Haut.<\/h4>\n<\/li>\n<li><strong>Bio-organismen aus 2700 Metern Tiefe in der ANTARKTIS f\u00fcr die ultimative Verj\u00fcngung Ihrer Sch\u00f6nheit<\/strong><\/li>\n<\/ul>\n<\/div>\n<\/div>","protected":false},"excerpt":{"rendered":"<p>100ml<\/p>\n<ul>\n<li>PFLANZEN basierter Typ-1-Kollagen<\/li>\n<li><strong>Intensive<\/strong>\u00a0<strong>Haut regeneration<\/strong><\/li>\n<li>Verbessert <strong>die Hauthelligkeit<\/strong><\/li>\n<li><strong><span lang=\"de\">Hilft<\/span><span lang=\"de\">\u00a0und straffende Wirkung<\/span><\/strong><\/li>\n<li class=\"tw-data-text tw-text-large tw-ta\" dir=\"ltr\" data-placeholder=\"\u00dcbersetzung\"><strong><span lang=\"de\">Verbessert die Hautelastizit\u00e4t und reduziert das Auftreten feiner Linien und F\u00e4ltchen<\/span><\/strong><\/li>\n<li><strong><span lang=\"de\">Hilft der Haut, j\u00fcnger auszusehen<\/span><\/strong><\/li>\n<li>Unterst\u00fctzt<strong> die Durchfeuchtung der Haut<\/strong><\/li>\n<li><strong>Haut regeneration<\/strong>\u00a0um\u00a0<strong>F\u00f6rderung jugendlicher Haut<\/strong><\/li>\n<li><span lang=\"de\">Auch f\u00fcr\u00a0<strong>empfindliche Haut<\/strong><\/span><\/li>\n<\/ul>","protected":false},"featured_media":508,"comment_status":"open","ping_status":"closed","template":"","meta":{"ocean_post_layout":"full-width","ocean_both_sidebars_style":"","ocean_both_sidebars_content_width":0,"ocean_both_sidebars_sidebars_width":0,"ocean_sidebar":"0","ocean_second_sidebar":"0","ocean_disable_margins":"enable","ocean_add_body_class":"","ocean_shortcode_before_top_bar":"","ocean_shortcode_after_top_bar":"","ocean_shortcode_before_header":"","ocean_shortcode_after_header":"","ocean_has_shortcode":"","ocean_shortcode_after_title":"","ocean_shortcode_before_footer_widgets":"","ocean_shortcode_after_footer_widgets":"","ocean_shortcode_before_footer_bottom":"","ocean_shortcode_after_footer_bottom":"","ocean_display_top_bar":"default","ocean_display_header":"default","ocean_header_style":"","ocean_center_header_left_menu":"0","ocean_custom_header_template":"0","ocean_custom_logo":0,"ocean_custom_retina_logo":0,"ocean_custom_logo_max_width":0,"ocean_custom_logo_tablet_max_width":0,"ocean_custom_logo_mobile_max_width":0,"ocean_custom_logo_max_height":0,"ocean_custom_logo_tablet_max_height":0,"ocean_custom_logo_mobile_max_height":0,"ocean_header_custom_menu":"0","ocean_menu_typo_font_family":"0","ocean_menu_typo_font_subset":"","ocean_menu_typo_font_size":0,"ocean_menu_typo_font_size_tablet":0,"ocean_menu_typo_font_size_mobile":0,"ocean_menu_typo_font_size_unit":"px","ocean_menu_typo_font_weight":"","ocean_menu_typo_font_weight_tablet":"","ocean_menu_typo_font_weight_mobile":"","ocean_menu_typo_transform":"","ocean_menu_typo_transform_tablet":"","ocean_menu_typo_transform_mobile":"","ocean_menu_typo_line_height":0,"ocean_menu_typo_line_height_tablet":0,"ocean_menu_typo_line_height_mobile":0,"ocean_menu_typo_line_height_unit":"","ocean_menu_typo_spacing":0,"ocean_menu_typo_spacing_tablet":0,"ocean_menu_typo_spacing_mobile":0,"ocean_menu_typo_spacing_unit":"","ocean_menu_link_color":"","ocean_menu_link_color_hover":"","ocean_menu_link_color_active":"","ocean_menu_link_background":"","ocean_menu_link_hover_background":"","ocean_menu_link_active_background":"","ocean_menu_social_links_bg":"","ocean_menu_social_hover_links_bg":"","ocean_menu_social_links_color":"","ocean_menu_social_hover_links_color":"","ocean_disable_title":"on","ocean_disable_heading":"default","ocean_post_title":"","ocean_post_subheading":"","ocean_post_title_style":"","ocean_post_title_background_color":"","ocean_post_title_background":0,"ocean_post_title_bg_image_position":"","ocean_post_title_bg_image_attachment":"","ocean_post_title_bg_image_repeat":"","ocean_post_title_bg_image_size":"","ocean_post_title_height":0,"ocean_post_title_bg_overlay":0.5,"ocean_post_title_bg_overlay_color":"","ocean_disable_breadcrumbs":"off","ocean_breadcrumbs_color":"","ocean_breadcrumbs_separator_color":"","ocean_breadcrumbs_links_color":"","ocean_breadcrumbs_links_hover_color":"","ocean_display_footer_widgets":"default","ocean_display_footer_bottom":"default","ocean_custom_footer_template":"0"},"product_cat":[25],"product_tag":[],"_links":{"self":[{"href":"https:\/\/www.beautyclinicsonvida.com\/de\/wp-json\/wp\/v2\/product\/382"}],"collection":[{"href":"https:\/\/www.beautyclinicsonvida.com\/de\/wp-json\/wp\/v2\/product"}],"about":[{"href":"https:\/\/www.beautyclinicsonvida.com\/de\/wp-json\/wp\/v2\/types\/product"}],"replies":[{"embeddable":true,"href":"https:\/\/www.beautyclinicsonvida.com\/de\/wp-json\/wp\/v2\/comments?post=382"}],"wp:featuredmedia":[{"embeddable":true,"href":"https:\/\/www.beautyclinicsonvida.com\/de\/wp-json\/wp\/v2\/media\/508"}],"wp:attachment":[{"href":"https:\/\/www.beautyclinicsonvida.com\/de\/wp-json\/wp\/v2\/media?parent=382"}],"wp:term":[{"taxonomy":"product_cat","embeddable":true,"href":"https:\/\/www.beautyclinicsonvida.com\/de\/wp-json\/wp\/v2\/product_cat?post=382"},{"taxonomy":"product_tag","embeddable":true,"href":"https:\/\/www.beautyclinicsonvida.com\/de\/wp-json\/wp\/v2\/product_tag?post=382"}],"curies":[{"name":"wp","href":"https:\/\/api.w.org\/{rel}","templated":true}]}}