{"id":384,"date":"2022-07-29T13:42:09","date_gmt":"2022-07-29T13:42:09","guid":{"rendered":"https:\/\/www.beautyclinicsonvida.com\/?post_type=product&#038;p=384"},"modified":"2025-12-11T10:23:12","modified_gmt":"2025-12-11T10:23:12","slug":"slim-body-serum","status":"publish","type":"product","link":"https:\/\/www.beautyclinicsonvida.com\/de\/produkt\/slim-body-serum\/","title":{"rendered":"BERMUDA SLIM BODY Serum visible results can help reduce fat cells"},"content":{"rendered":"<p><span style=\"color: #000000;\">BERMUDA SLIM BODY Serum<\/span><\/p>\n<blockquote>\n<p class=\"has-text-color has-very-dark-gray-color\"><strong>Mit SLIM BODY verlieren Sie dank des Inhaltsstoffs Longankernextrakt unerw\u00fcnschte FETTZELLEN<\/strong><\/p>\n<p>&nbsp;<\/p><\/blockquote>\n<p><a href=\"http:\/\/www.beautyclinicsonvida.com\/wp-content\/uploads\/2022\/07\/SLIMBODY.png\"><img fetchpriority=\"high\" decoding=\"async\" class=\"wp-image-385 aligncenter\" src=\"http:\/\/www.beautyclinicsonvida.com\/wp-content\/uploads\/2022\/07\/SLIMBODY-300x75.png\" alt=\"slim body\" width=\"588\" height=\"147\" srcset=\"https:\/\/www.beautyclinicsonvida.com\/wp-content\/uploads\/2022\/07\/SLIMBODY-300x75.png 300w, https:\/\/www.beautyclinicsonvida.com\/wp-content\/uploads\/2022\/07\/SLIMBODY.png 600w\" sizes=\"(max-width: 588px) 100vw, 588px\" \/><\/a><\/p>\n<p style=\"text-align: center;\"><strong>Links vor und nach 14 Tagen rechts. Es ist ein deutlicher R\u00fcckgang der Fettzellen zu erkennen.\u00a0<\/strong><\/p>\n<p><strong>Wir haben Longankernextrakt klinisch untersucht, um innerhalb weniger Wochen sichtbare Ergebnisse zu erzielen und dabei zu helfen, Fettzellen zu reduzieren.<\/strong><\/p>\n<p><span style=\"color: #000000;\">DER TRAUM VIELER FRAUEN!!<\/span><\/p>\n<blockquote><p><span style=\"color: #000000;\">Besonders in den Wechseljahren, wenn die Hormonumstellung ansteht, ist es schwierig, Gewicht zu verlieren. SLIM BODY unterst\u00fctzt die Reduzierung der Lipidansammlungskapazit\u00e4t\u00a0<\/span><\/p><\/blockquote>\n<p>&nbsp;<\/p>\n<blockquote><p><strong>SLIM BODY Serum kann die ENTWICKLUNG von FETTGEWEBE VERHINDERN.\u00a0<\/strong><\/p>\n<p><strong>SLIM Body Serum kann das Aussehen der Figur verbessern\u00a0<\/strong><\/p>\n<p><strong>Der WIRKSTOFF Longankernextrakt hat eine starke hemmende Wirkung auf den Differenzierungsprozess von Pr\u00e4adipozyten zu Adipozyten.\u00a0<\/strong><\/p><\/blockquote>\n<p>&nbsp;<\/p>\n<p><span style=\"color: #000000;\">Kann helfen, die Ausdehnung des Fettgewebes zu reduzieren<\/span><\/p>\n<p><span style=\"color: #000000;\">Der WIRKSTOFF Longankernextrakt REDUZIERT K\u00d6RPERFETT und hilft, GEWICHTSZUNAHME ZU VERHINDERN.\u00a0<\/span><\/p>\n<p>&nbsp;<\/p>\n<p>***<strong>Der WIRKSTOFF mit klinisch wirksamer Wirkung, der an 1000 Frauen getestet wurde.<\/strong><\/p>\n<p>&nbsp;<\/p>\n<p><strong>Anwendung: <\/strong><span style=\"color: #000000;\">Tragen Sie das Produkt t\u00e4glich auf die Bereiche Beine, Bauch, H\u00fcfte, Arme und R\u00fccken auf. Sanft in die Haut einmassieren.<\/span><\/p>\n<p><span style=\"color: #000000;\"><strong>Empfehlung:<\/strong> T\u00e4glich anwenden, um die besten Ergebnisse zu erzielen.<\/span><\/p>\n<p>HERO INGREDIENTS<\/p>\n<ul>\n<li>\n<h4>Longankernextrakt\/ hat eine hemmende Wirkung auf das Fettzellgewebe<\/h4>\n<\/li>\n<\/ul>","protected":false},"excerpt":{"rendered":"<p>200ml<\/p>\n<ul>\n<li><strong>Preisgekr\u00f6nter Wirkstoff\u00a0<\/strong><\/li>\n<li><strong>Kann helfen, das Wachstum von Fettgewebe zu reduzieren<\/strong><\/li>\n<li><strong>Unterst\u00fctzt, den K\u00f6rper schlank zu halten\u00a0<\/strong><\/li>\n<li><strong>Unterst\u00fctzt den K\u00f6rper in den Wechseljahren<\/strong><\/li>\n<li><strong>Hilft, Fettzellen zu reduzieren<\/strong><\/li>\n<li><strong>Longan Kernal Extract ist in Studien klinisch erwiesen<\/strong><\/li>\n<\/ul>\n<p><a href=\"http:\/\/www.beautyclinicsonvida.com\/wp-content\/uploads\/2022\/07\/beautyclinicaward.jpeg\"><img decoding=\"async\" class=\"wp-image-456 aligncenter\" src=\"http:\/\/www.beautyclinicsonvida.com\/wp-content\/uploads\/2022\/07\/beautyclinicaward-300x207.jpeg\" alt=\"\" width=\"179\" height=\"124\" srcset=\"https:\/\/www.beautyclinicsonvida.com\/wp-content\/uploads\/2022\/07\/beautyclinicaward-300x207.jpeg 300w, https:\/\/www.beautyclinicsonvida.com\/wp-content\/uploads\/2022\/07\/beautyclinicaward-600x413.jpeg 600w, https:\/\/www.beautyclinicsonvida.com\/wp-content\/uploads\/2022\/07\/beautyclinicaward.jpeg 611w\" sizes=\"(max-width: 179px) 100vw, 179px\" \/><\/a><\/p>","protected":false},"featured_media":659,"comment_status":"open","ping_status":"closed","template":"","meta":{"ocean_post_layout":"full-width","ocean_both_sidebars_style":"","ocean_both_sidebars_content_width":0,"ocean_both_sidebars_sidebars_width":0,"ocean_sidebar":"0","ocean_second_sidebar":"0","ocean_disable_margins":"enable","ocean_add_body_class":"","ocean_shortcode_before_top_bar":"","ocean_shortcode_after_top_bar":"","ocean_shortcode_before_header":"","ocean_shortcode_after_header":"","ocean_has_shortcode":"","ocean_shortcode_after_title":"","ocean_shortcode_before_footer_widgets":"","ocean_shortcode_after_footer_widgets":"","ocean_shortcode_before_footer_bottom":"","ocean_shortcode_after_footer_bottom":"","ocean_display_top_bar":"default","ocean_display_header":"default","ocean_header_style":"","ocean_center_header_left_menu":"0","ocean_custom_header_template":"0","ocean_custom_logo":0,"ocean_custom_retina_logo":0,"ocean_custom_logo_max_width":0,"ocean_custom_logo_tablet_max_width":0,"ocean_custom_logo_mobile_max_width":0,"ocean_custom_logo_max_height":0,"ocean_custom_logo_tablet_max_height":0,"ocean_custom_logo_mobile_max_height":0,"ocean_header_custom_menu":"0","ocean_menu_typo_font_family":"0","ocean_menu_typo_font_subset":"","ocean_menu_typo_font_size":0,"ocean_menu_typo_font_size_tablet":0,"ocean_menu_typo_font_size_mobile":0,"ocean_menu_typo_font_size_unit":"px","ocean_menu_typo_font_weight":"","ocean_menu_typo_font_weight_tablet":"","ocean_menu_typo_font_weight_mobile":"","ocean_menu_typo_transform":"","ocean_menu_typo_transform_tablet":"","ocean_menu_typo_transform_mobile":"","ocean_menu_typo_line_height":0,"ocean_menu_typo_line_height_tablet":0,"ocean_menu_typo_line_height_mobile":0,"ocean_menu_typo_line_height_unit":"","ocean_menu_typo_spacing":0,"ocean_menu_typo_spacing_tablet":0,"ocean_menu_typo_spacing_mobile":0,"ocean_menu_typo_spacing_unit":"","ocean_menu_link_color":"","ocean_menu_link_color_hover":"","ocean_menu_link_color_active":"","ocean_menu_link_background":"","ocean_menu_link_hover_background":"","ocean_menu_link_active_background":"","ocean_menu_social_links_bg":"","ocean_menu_social_hover_links_bg":"","ocean_menu_social_links_color":"","ocean_menu_social_hover_links_color":"","ocean_disable_title":"on","ocean_disable_heading":"default","ocean_post_title":"","ocean_post_subheading":"","ocean_post_title_style":"","ocean_post_title_background_color":"","ocean_post_title_background":0,"ocean_post_title_bg_image_position":"","ocean_post_title_bg_image_attachment":"","ocean_post_title_bg_image_repeat":"","ocean_post_title_bg_image_size":"","ocean_post_title_height":0,"ocean_post_title_bg_overlay":0.5,"ocean_post_title_bg_overlay_color":"","ocean_disable_breadcrumbs":"off","ocean_breadcrumbs_color":"","ocean_breadcrumbs_separator_color":"","ocean_breadcrumbs_links_color":"","ocean_breadcrumbs_links_hover_color":"","ocean_display_footer_widgets":"default","ocean_display_footer_bottom":"default","ocean_custom_footer_template":"0"},"product_cat":[25],"product_tag":[],"_links":{"self":[{"href":"https:\/\/www.beautyclinicsonvida.com\/de\/wp-json\/wp\/v2\/product\/384"}],"collection":[{"href":"https:\/\/www.beautyclinicsonvida.com\/de\/wp-json\/wp\/v2\/product"}],"about":[{"href":"https:\/\/www.beautyclinicsonvida.com\/de\/wp-json\/wp\/v2\/types\/product"}],"replies":[{"embeddable":true,"href":"https:\/\/www.beautyclinicsonvida.com\/de\/wp-json\/wp\/v2\/comments?post=384"}],"wp:featuredmedia":[{"embeddable":true,"href":"https:\/\/www.beautyclinicsonvida.com\/de\/wp-json\/wp\/v2\/media\/659"}],"wp:attachment":[{"href":"https:\/\/www.beautyclinicsonvida.com\/de\/wp-json\/wp\/v2\/media?parent=384"}],"wp:term":[{"taxonomy":"product_cat","embeddable":true,"href":"https:\/\/www.beautyclinicsonvida.com\/de\/wp-json\/wp\/v2\/product_cat?post=384"},{"taxonomy":"product_tag","embeddable":true,"href":"https:\/\/www.beautyclinicsonvida.com\/de\/wp-json\/wp\/v2\/product_tag?post=384"}],"curies":[{"name":"wp","href":"https:\/\/api.w.org\/{rel}","templated":true}]}}