{"id":387,"date":"2022-07-29T14:15:40","date_gmt":"2022-07-29T14:15:40","guid":{"rendered":"https:\/\/www.beautyclinicsonvida.com\/?post_type=product&#038;p=387"},"modified":"2024-12-13T08:46:55","modified_gmt":"2024-12-13T08:46:55","slug":"v-lift-face-serum","status":"publish","type":"product","link":"https:\/\/www.beautyclinicsonvida.com\/de\/produkt\/v-lift-face-serum\/","title":{"rendered":"V-LIFTING Serum delivers a visible 84% lifting effect"},"content":{"rendered":"<p>V-LIFTING Face Serum<\/p>\n<blockquote><p><strong>The first ACTIVE SUBSTANCE that offers a VISIBLE LIFTING EFFECT with a V-shape. V-LIFTING Serum formulated to meet the needs of women with an effect on 3 levels. This unique &#8220;REJUVENATING serum&#8221; with V-LIFTING face shape tightening <\/strong><strong>hilft wirksam, den Zeichen der Hautalterung vorzubeugen, und strafft die Haut f\u00fcr eine intensive Verj\u00fcngung\u00a0<\/strong><\/p><\/blockquote>\n<p>&nbsp;<\/p>\n<ul>\n<li class=\"has-text-color has-background has-very-dark-gray-color\"><span style=\"color: #000000;\">HAUTSTRUKTUR und HAUTQUALIT\u00c4T WERDEN VERBESSERT<\/span><\/li>\n<li class=\"has-text-color has-background has-very-dark-gray-color\"><span style=\"color: #000000;\">Ein sichtbarer Straffungseffekt an Hals, Wangen und Augenkontur<\/span><\/li>\n<li><span style=\"color: #000000;\">St\u00e4rkt die schlaffe Haut<\/span><\/li>\n<li class=\"has-text-color has-background has-very-dark-gray-color\"><span style=\"color: #000000;\">Die schlaffe Haut wird um 84 % reduziert<\/span><\/li>\n<li class=\"has-text-color has-background has-very-dark-gray-color\"><span style=\"color: #000000;\">Sichtbarer Lifting-Effekt innerhalb von 3 Wochen<\/span><\/li>\n<li class=\"has-text-color has-background has-very-dark-gray-color\"><span style=\"color: #000000;\">Verfeinert und strafft die Gesichtskontur<\/span><\/li>\n<li class=\"has-text-color has-background has-very-dark-gray-color\"><span style=\"color: #000000;\">Strafft den Hals<\/span><\/li>\n<li class=\"has-text-color has-background has-very-dark-gray-color\"><span style=\"color: #000000;\">Gl\u00e4ttet und strafft die Augenpartie<\/span><\/li>\n<li class=\"has-text-color has-background has-very-dark-gray-color\"><span style=\"color: #000000;\">Spendet der Haut bis zu 131 % Feuchtigkeit und sch\u00fctzt sie vor oxidativem Stress (Luftverschmutzung, UV-Strahlung).<\/span><\/li>\n<li class=\"has-text-color has-background has-very-dark-gray-color\"><span style=\"color: #000000;\">STRAHLEND; JUNG AUSSEHENDE UND JUGENDLICHE HAUT.<\/span><\/li>\n<li class=\"has-text-color has-background has-very-dark-gray-color\"><span style=\"color: #000000;\">Strafft die Wangen sp\u00fcrbar und reduziert geschwollene Tr\u00e4nens\u00e4cke um 84 %<\/span><\/li>\n<\/ul>\n<p>&nbsp;<\/p>\n<blockquote><p><strong>Klinische Tests: Strafft die schlaffe Haut unter dem Kinn und reduziert sie um 84 %. ZUTATEN AUS STAMMZELLEN EDELWEISS &amp; STAMMZELLEN AUS ORCHIDEEN MIT H\u00d6CHSTER QUALIT\u00c4T<\/strong><\/p><\/blockquote>\n<p>&nbsp;<\/p>\n<p class=\"has-text-color has-normal-font-size has-very-dark-gray-color\"><strong>**Klinische Tests, die an einer Testgruppe im Alter von 40 bis 65 Jahren \u00fcber einen Zeitraum von 2 Monaten durchgef\u00fchrt wurden, ergaben au\u00dfergew\u00f6hnliche Ergebnisse.<\/strong><\/p>\n<p>&nbsp;<\/p>\n<p><strong>Anwendung:<\/strong><span style=\"color: #000000;\"> Morgens nach der Reinigung auf Gesicht und Hals auftragen und sanft einmassieren, bis das Produkt eingezogen ist.<\/span><\/p>\n<p><span style=\"color: #000000;\"><strong>Empfehlung:<\/strong> F\u00fcr das ultimative Ergebnis t\u00e4glich anwenden.<\/span><\/p>\n<p>&nbsp;<\/p>\n<p>HERO INGREDIENTS<\/p>\n<ul>\n<li>\n<h4>Leontopodium alpinum Kalluskulturextrakt\/Edelwei\u00df Kalluskulturextrakt in HTN High Tech Nature<\/h4>\n<\/li>\n<\/ul>","protected":false},"excerpt":{"rendered":"<p>100 ml<\/p>\n<ul>\n<li><strong>V-SHAPE Lifting sorgt f\u00fcr einen sichtbaren Lifting-Effekt von 84 %<\/strong><\/li>\n<li><b>\u00a0V-LIFT Serum ist ein wirksames Behandlungskonzept zur VERJ\u00dcNGUNG<\/b><\/li>\n<li><strong>Sofortiges Lifting der Hals- und Gesichtskontur<\/strong><\/li>\n<li><strong>Befeuchtet die Haut um 131 %<\/strong>\u00a0und sch\u00fctzt vor oxidativem Stress (Luftverschmutzung, UV, Stress)<\/li>\n<li><strong>84 % sichtbarer Lifting-Effekt<\/strong><\/li>\n<li><strong>Studien zeigen, dass pflanzliche Inhaltsstoffe aus Kallusstammzellen tief in das Gewebe und die Epidermis eindringen und das beste Anti-Aging-Produkt auf dem Markt sind<\/strong><\/li>\n<\/ul>","protected":false},"featured_media":533,"comment_status":"open","ping_status":"closed","template":"","meta":{"ocean_post_layout":"full-width","ocean_both_sidebars_style":"","ocean_both_sidebars_content_width":0,"ocean_both_sidebars_sidebars_width":0,"ocean_sidebar":"0","ocean_second_sidebar":"0","ocean_disable_margins":"enable","ocean_add_body_class":"","ocean_shortcode_before_top_bar":"","ocean_shortcode_after_top_bar":"","ocean_shortcode_before_header":"","ocean_shortcode_after_header":"","ocean_has_shortcode":"","ocean_shortcode_after_title":"","ocean_shortcode_before_footer_widgets":"","ocean_shortcode_after_footer_widgets":"","ocean_shortcode_before_footer_bottom":"","ocean_shortcode_after_footer_bottom":"","ocean_display_top_bar":"default","ocean_display_header":"default","ocean_header_style":"","ocean_center_header_left_menu":"0","ocean_custom_header_template":"0","ocean_custom_logo":0,"ocean_custom_retina_logo":0,"ocean_custom_logo_max_width":0,"ocean_custom_logo_tablet_max_width":0,"ocean_custom_logo_mobile_max_width":0,"ocean_custom_logo_max_height":0,"ocean_custom_logo_tablet_max_height":0,"ocean_custom_logo_mobile_max_height":0,"ocean_header_custom_menu":"0","ocean_menu_typo_font_family":"0","ocean_menu_typo_font_subset":"","ocean_menu_typo_font_size":0,"ocean_menu_typo_font_size_tablet":0,"ocean_menu_typo_font_size_mobile":0,"ocean_menu_typo_font_size_unit":"px","ocean_menu_typo_font_weight":"","ocean_menu_typo_font_weight_tablet":"","ocean_menu_typo_font_weight_mobile":"","ocean_menu_typo_transform":"","ocean_menu_typo_transform_tablet":"","ocean_menu_typo_transform_mobile":"","ocean_menu_typo_line_height":0,"ocean_menu_typo_line_height_tablet":0,"ocean_menu_typo_line_height_mobile":0,"ocean_menu_typo_line_height_unit":"","ocean_menu_typo_spacing":0,"ocean_menu_typo_spacing_tablet":0,"ocean_menu_typo_spacing_mobile":0,"ocean_menu_typo_spacing_unit":"","ocean_menu_link_color":"","ocean_menu_link_color_hover":"","ocean_menu_link_color_active":"","ocean_menu_link_background":"","ocean_menu_link_hover_background":"","ocean_menu_link_active_background":"","ocean_menu_social_links_bg":"","ocean_menu_social_hover_links_bg":"","ocean_menu_social_links_color":"","ocean_menu_social_hover_links_color":"","ocean_disable_title":"on","ocean_disable_heading":"default","ocean_post_title":"","ocean_post_subheading":"","ocean_post_title_style":"","ocean_post_title_background_color":"","ocean_post_title_background":0,"ocean_post_title_bg_image_position":"","ocean_post_title_bg_image_attachment":"","ocean_post_title_bg_image_repeat":"","ocean_post_title_bg_image_size":"","ocean_post_title_height":0,"ocean_post_title_bg_overlay":0.5,"ocean_post_title_bg_overlay_color":"","ocean_disable_breadcrumbs":"off","ocean_breadcrumbs_color":"","ocean_breadcrumbs_separator_color":"","ocean_breadcrumbs_links_color":"","ocean_breadcrumbs_links_hover_color":"","ocean_display_footer_widgets":"default","ocean_display_footer_bottom":"default","ocean_custom_footer_template":"0"},"product_cat":[25],"product_tag":[],"_links":{"self":[{"href":"https:\/\/www.beautyclinicsonvida.com\/de\/wp-json\/wp\/v2\/product\/387"}],"collection":[{"href":"https:\/\/www.beautyclinicsonvida.com\/de\/wp-json\/wp\/v2\/product"}],"about":[{"href":"https:\/\/www.beautyclinicsonvida.com\/de\/wp-json\/wp\/v2\/types\/product"}],"replies":[{"embeddable":true,"href":"https:\/\/www.beautyclinicsonvida.com\/de\/wp-json\/wp\/v2\/comments?post=387"}],"wp:featuredmedia":[{"embeddable":true,"href":"https:\/\/www.beautyclinicsonvida.com\/de\/wp-json\/wp\/v2\/media\/533"}],"wp:attachment":[{"href":"https:\/\/www.beautyclinicsonvida.com\/de\/wp-json\/wp\/v2\/media?parent=387"}],"wp:term":[{"taxonomy":"product_cat","embeddable":true,"href":"https:\/\/www.beautyclinicsonvida.com\/de\/wp-json\/wp\/v2\/product_cat?post=387"},{"taxonomy":"product_tag","embeddable":true,"href":"https:\/\/www.beautyclinicsonvida.com\/de\/wp-json\/wp\/v2\/product_tag?post=387"}],"curies":[{"name":"wp","href":"https:\/\/api.w.org\/{rel}","templated":true}]}}