{"id":388,"date":"2022-07-29T14:25:45","date_gmt":"2022-07-29T14:25:45","guid":{"rendered":"https:\/\/www.beautyclinicsonvida.com\/?post_type=product&#038;p=388"},"modified":"2024-10-22T02:42:23","modified_gmt":"2024-10-22T02:42:23","slug":"theone","status":"publish","type":"product","link":"https:\/\/www.beautyclinicsonvida.com\/de\/produkt\/theone\/","title":{"rendered":"TheONE Serum force of attraction for Woman"},"content":{"rendered":"<p><span style=\"color: #000000;\">TheONE<\/span><\/p>\n<blockquote>\n<p class=\"p1\"><span class=\"s1\" style=\"color: #000000;\">TheONE your perfect MATCH to success tr\u00e4gt dazu bei, die ANZIEHUNGSKRAFT und Attraktivit\u00e4t der Frau zu steigern, wie in dieser Studie deutlich zu sehen ist:<\/span><\/p>\n<\/blockquote>\n<p>&nbsp;<\/p>\n<p><a href=\"http:\/\/www.beautyclinicsonvida.com\/wp-content\/uploads\/2022\/07\/TheONE_Study.png\"><img fetchpriority=\"high\" decoding=\"async\" class=\"wp-image-389 alignleft\" src=\"http:\/\/www.beautyclinicsonvida.com\/wp-content\/uploads\/2022\/07\/TheONE_Study-300x169.png\" alt=\"TheONE your perfect match to success\" width=\"780\" height=\"439\" srcset=\"https:\/\/www.beautyclinicsonvida.com\/wp-content\/uploads\/2022\/07\/TheONE_Study-300x169.png 300w, https:\/\/www.beautyclinicsonvida.com\/wp-content\/uploads\/2022\/07\/TheONE_Study-1024x577.png 1024w, https:\/\/www.beautyclinicsonvida.com\/wp-content\/uploads\/2022\/07\/TheONE_Study-768x433.png 768w, https:\/\/www.beautyclinicsonvida.com\/wp-content\/uploads\/2022\/07\/TheONE_Study-1536x865.png 1536w, https:\/\/www.beautyclinicsonvida.com\/wp-content\/uploads\/2022\/07\/TheONE_Study-600x338.png 600w, https:\/\/www.beautyclinicsonvida.com\/wp-content\/uploads\/2022\/07\/TheONE_Study.png 1640w\" sizes=\"(max-width: 780px) 100vw, 780px\" \/><\/a><\/p>\n<p class=\"p1\"><span class=\"s1\" style=\"color: #000000;\">Konzentration von 99,6 % nat\u00fcrlichen pflanzlichen Inhaltsstoffen.<\/span><\/p>\n<p class=\"p1\"><span class=\"s1\" style=\"color: #000000;\">Es besteht aus zwei hochkonzentrierten aktiven nat\u00fcrlichen Pflanzenstammzellen und verf\u00fcgt \u00fcber eine unglaubliche KRAFT, die dazu beitragen kann, die ANZIEHUNGSF\u00c4HIGKEIT zu steigern. Zu sehen hier in dieser STUDIE.<\/span><\/p>\n<p>&nbsp;<\/p>\n<p>&nbsp;<\/p>\n<p><b>WIRKSAMKEIT IN STUDIE BEST\u00c4TIGT:<\/b><\/p>\n<p><span class=\"s1\" style=\"color: #000000;\">Die <strong>Anziehungskraft wird gesteigert <\/strong><strong>und das Interesse <\/strong><strong>der Frau.<\/strong> Dar\u00fcber hinaus kann unser Charisma unterst\u00fctzt werden <strong>wie wir von anderen wahrgenommen werden.<\/strong><\/span><\/p>\n<p>&nbsp;<\/p>\n<blockquote><p><span style=\"color: #000000;\"><strong>EINE VIVO-STUDIE<\/strong> wurde durchgef\u00fchrt, um die Wirksamkeit ausreichend zu dokumentieren und zu best\u00e4tigen: Die Ergebnisse zeigten eine Steigerung der F\u00e4higkeit von Frauen, die Anziehungskraft und das Verlangen bei M\u00e4nnern zu steigern, wobei das Interesse und die Attraktivit\u00e4t bei Frauen durch die Unterst\u00fctzung der beiden Inhaltsstoffe in dieser Formulierung deutlich gesteigert wurden.**<\/span><\/p><\/blockquote>\n<p>&nbsp;<\/p>\n<p dir=\"ltr\" data-placeholder=\"\u00dcbersetzung\"><strong>Anwendung:<\/strong><\/p>\n<p dir=\"ltr\" data-placeholder=\"\u00dcbersetzung\"><a href=\"http:\/\/www.beautyclinicsonvida.com\/wp-content\/uploads\/2022\/07\/TheONE_yoursuccess-600x600-1.png\"><img decoding=\"async\" class=\"size-medium wp-image-390 alignleft\" src=\"http:\/\/www.beautyclinicsonvida.com\/wp-content\/uploads\/2022\/07\/TheONE_yoursuccess-600x600-1-300x300.png\" alt=\"TheONE\" width=\"300\" height=\"300\" srcset=\"https:\/\/www.beautyclinicsonvida.com\/wp-content\/uploads\/2022\/07\/TheONE_yoursuccess-600x600-1-300x300.png 300w, https:\/\/www.beautyclinicsonvida.com\/wp-content\/uploads\/2022\/07\/TheONE_yoursuccess-600x600-1-150x150.png 150w, https:\/\/www.beautyclinicsonvida.com\/wp-content\/uploads\/2022\/07\/TheONE_yoursuccess-600x600-1-100x100.png 100w, https:\/\/www.beautyclinicsonvida.com\/wp-content\/uploads\/2022\/07\/TheONE_yoursuccess-600x600-1.png 600w\" sizes=\"(max-width: 300px) 100vw, 300px\" \/><\/a><span class=\"s1\" style=\"color: #000000;\">TheONE\u00a0your perfect MATCH to success<\/span><\/p>\n<ul class=\"ul1\">\n<li class=\"li3\"><span style=\"color: #000000;\">Auf diese hier gezeigten Punkte angewendet. Die Wirksamkeit wurde in Studien best\u00e4tigt.<\/span><\/li>\n<li><span style=\"color: #000000;\">Geruchlos<\/span><\/li>\n<li class=\"li3\"><span class=\"s2\" style=\"color: #000000;\">Es ist kein Parf\u00fcm<\/span><\/li>\n<li class=\"li3\"><span style=\"color: #000000;\">Einzigartig aus 100 % hochwertigen, nat\u00fcrlichen Wirkstoffen aus Stammzellen.<\/span><\/li>\n<li><span style=\"color: #000000;\">Bei h\u00f6chster Konzentration um 99,6 % f\u00fcr eine unglaubliche Anziehungskraftsteigerung um 269 %<\/span><\/li>\n<\/ul>\n<p class=\"p2\"><span style=\"color: #000000;\"><span class=\"s1\">TheONE your perfect MATCH to success\u00a0<\/span><span class=\"Y2IQFc\" lang=\"en\">ist Ihr Geheimnis, Ihre ERFOLGSKRAFT und eine unbeschreibliche Anziehungskraft.<\/span><\/span><\/p>\n<p>&nbsp;<\/p>\n<p>&nbsp;<\/p>\n<p><strong>**INHALTSSTOFFE:<\/strong><\/p>\n<p><a href=\"http:\/\/www.beautyclinicsonvida.com\/wp-content\/uploads\/2022\/07\/TheONE_ingredients.jpg\"><img decoding=\"async\" class=\"alignnone wp-image-391\" src=\"http:\/\/www.beautyclinicsonvida.com\/wp-content\/uploads\/2022\/07\/TheONE_ingredients-300x89.jpg\" alt=\"\" width=\"657\" height=\"195\" srcset=\"https:\/\/www.beautyclinicsonvida.com\/wp-content\/uploads\/2022\/07\/TheONE_ingredients-300x89.jpg 300w, https:\/\/www.beautyclinicsonvida.com\/wp-content\/uploads\/2022\/07\/TheONE_ingredients-768x228.jpg 768w, https:\/\/www.beautyclinicsonvida.com\/wp-content\/uploads\/2022\/07\/TheONE_ingredients-600x178.jpg 600w, https:\/\/www.beautyclinicsonvida.com\/wp-content\/uploads\/2022\/07\/TheONE_ingredients.jpg 1024w\" sizes=\"(max-width: 657px) 100vw, 657px\" \/><\/a><\/p>\n<p><span style=\"color: #000000;\">**TheONE basiert auf <strong>zwei hochwertige nat\u00fcrliche Stammzellen<\/strong>einzigartig in ihrer Kombination und tragen dazu bei, die Nat\u00fcrliche <strong>Attraktivit\u00e4t<\/strong>\u00a0bei Frauen,\u00a0<strong>positive Reaktionen<\/strong>\u00a0bei der Verwendung von TheONE ist ein\u00a0<strong>Gef\u00fchl des Wohlbefindens<\/strong>positive Emotionen, die zu\u00a0<strong>einem st\u00e4rkeren<\/strong>\u00a0und\u00a0<strong>besseren Selbstbewusstsein f\u00fchrt.<\/strong>.<\/span><\/p>\n<blockquote>\n<p class=\"tw-data-text tw-text-large tw-ta\" dir=\"ltr\" data-placeholder=\"\u00dcbersetzung\"><span class=\"Y2IQFc\" lang=\"en\" style=\"color: #000000;\">Aber eines der wichtigsten emotionalen Bed\u00fcrfnisse besteht darin, das Gegenteil (dasjenige, das uns interessiert) anzuziehen, interessant und k\u00f6rperlich attraktiv zu sein, begehrt zu sein, als attraktiv wahrgenommen zu werden.<\/span><\/p>\n<\/blockquote>\n<p dir=\"ltr\" data-placeholder=\"\u00dcbersetzung\"><span style=\"color: #000000;\">_____________________________________________________________________<\/span><\/p>\n<ul>\n<li class=\"p1\"><span class=\"s1\" style=\"color: #000000;\">TheONE erm\u00f6glicht Frauen, innere St\u00e4rke und Selbstvertrauen zu gewinnen<\/span><\/li>\n<li class=\"p1\"><span style=\"color: #000000;\">Hilft, sowohl im beruflichen als auch im privaten Bereich erfolgreicher zu sein<\/span><\/li>\n<li><span style=\"color: #000000;\">Kann die k\u00f6rperliche Anziehungskraft einer Frau steigern\u00a0<\/span><\/li>\n<li class=\"p1\"><span style=\"color: #000000;\">Attraktiv und begehrt sein<\/span><\/li>\n<li><span style=\"color: #000000;\">T<span class=\"s1\">traktion kann steigern, was klinisch erwiesen ist\u00a0<\/span><\/span><\/li>\n<\/ul>\n<p>_____________________________________________________________________<\/p>","protected":false},"excerpt":{"rendered":"<p>10ml<\/p>\n<div class=\"woocommerce-product-details__short-description\">\n<p>\u2022TheONE ist Ihr Geheimnis, Ihre Kraft zum Erfolg und eine unglaubliche Anziehungskraft.<\/p>\n<div class=\"page\" title=\"Page 2\">\n<div class=\"section\">\n<div class=\"layoutArea\">\n<div class=\"column\">\n<div class=\"page\" title=\"Page 2\">\n<div class=\"section\">\n<div class=\"layoutArea\">\n<div class=\"column\">\n<p><strong>IN STUDIEN BEST\u00c4TIGT:<\/strong><br \/>\nTheONE kann dank seiner zwei pflanzlichen Inhaltsstoffe die Attraktivit\u00e4t von Frauen steigern<\/p>\n<div class=\"page\" title=\"Page 2\">\n<div class=\"section\">\n<div class=\"layoutArea\">\n<div class=\"column\">\n<p>TheONE unterst\u00fctzt uns in einem Gef\u00fchl des Wohlbefindens, einem Gef\u00fchl von Selbstvertrauen, innerer St\u00e4rke, einem Gef\u00fchl, dass DICH NICHTS AUFHALTEN KANN<\/p>\n<\/div>\n<\/div>\n<\/div>\n<\/div>\n<\/div>\n<\/div>\n<\/div>\n<\/div>\n<\/div>\n<\/div>\n<\/div>\n<\/div>\n<\/div>","protected":false},"featured_media":876,"comment_status":"open","ping_status":"closed","template":"","meta":{"ocean_post_layout":"full-width","ocean_both_sidebars_style":"","ocean_both_sidebars_content_width":0,"ocean_both_sidebars_sidebars_width":0,"ocean_sidebar":"0","ocean_second_sidebar":"0","ocean_disable_margins":"enable","ocean_add_body_class":"","ocean_shortcode_before_top_bar":"","ocean_shortcode_after_top_bar":"","ocean_shortcode_before_header":"","ocean_shortcode_after_header":"","ocean_has_shortcode":"","ocean_shortcode_after_title":"","ocean_shortcode_before_footer_widgets":"","ocean_shortcode_after_footer_widgets":"","ocean_shortcode_before_footer_bottom":"","ocean_shortcode_after_footer_bottom":"","ocean_display_top_bar":"default","ocean_display_header":"default","ocean_header_style":"","ocean_center_header_left_menu":"0","ocean_custom_header_template":"0","ocean_custom_logo":0,"ocean_custom_retina_logo":0,"ocean_custom_logo_max_width":0,"ocean_custom_logo_tablet_max_width":0,"ocean_custom_logo_mobile_max_width":0,"ocean_custom_logo_max_height":0,"ocean_custom_logo_tablet_max_height":0,"ocean_custom_logo_mobile_max_height":0,"ocean_header_custom_menu":"0","ocean_menu_typo_font_family":"0","ocean_menu_typo_font_subset":"","ocean_menu_typo_font_size":0,"ocean_menu_typo_font_size_tablet":0,"ocean_menu_typo_font_size_mobile":0,"ocean_menu_typo_font_size_unit":"px","ocean_menu_typo_font_weight":"","ocean_menu_typo_font_weight_tablet":"","ocean_menu_typo_font_weight_mobile":"","ocean_menu_typo_transform":"","ocean_menu_typo_transform_tablet":"","ocean_menu_typo_transform_mobile":"","ocean_menu_typo_line_height":0,"ocean_menu_typo_line_height_tablet":0,"ocean_menu_typo_line_height_mobile":0,"ocean_menu_typo_line_height_unit":"","ocean_menu_typo_spacing":0,"ocean_menu_typo_spacing_tablet":0,"ocean_menu_typo_spacing_mobile":0,"ocean_menu_typo_spacing_unit":"","ocean_menu_link_color":"","ocean_menu_link_color_hover":"","ocean_menu_link_color_active":"","ocean_menu_link_background":"","ocean_menu_link_hover_background":"","ocean_menu_link_active_background":"","ocean_menu_social_links_bg":"","ocean_menu_social_hover_links_bg":"","ocean_menu_social_links_color":"","ocean_menu_social_hover_links_color":"","ocean_disable_title":"on","ocean_disable_heading":"default","ocean_post_title":"","ocean_post_subheading":"","ocean_post_title_style":"","ocean_post_title_background_color":"","ocean_post_title_background":0,"ocean_post_title_bg_image_position":"","ocean_post_title_bg_image_attachment":"","ocean_post_title_bg_image_repeat":"","ocean_post_title_bg_image_size":"","ocean_post_title_height":0,"ocean_post_title_bg_overlay":0.5,"ocean_post_title_bg_overlay_color":"","ocean_disable_breadcrumbs":"off","ocean_breadcrumbs_color":"","ocean_breadcrumbs_separator_color":"","ocean_breadcrumbs_links_color":"","ocean_breadcrumbs_links_hover_color":"","ocean_display_footer_widgets":"default","ocean_display_footer_bottom":"default","ocean_custom_footer_template":"0"},"product_cat":[26],"product_tag":[],"_links":{"self":[{"href":"https:\/\/www.beautyclinicsonvida.com\/de\/wp-json\/wp\/v2\/product\/388"}],"collection":[{"href":"https:\/\/www.beautyclinicsonvida.com\/de\/wp-json\/wp\/v2\/product"}],"about":[{"href":"https:\/\/www.beautyclinicsonvida.com\/de\/wp-json\/wp\/v2\/types\/product"}],"replies":[{"embeddable":true,"href":"https:\/\/www.beautyclinicsonvida.com\/de\/wp-json\/wp\/v2\/comments?post=388"}],"wp:featuredmedia":[{"embeddable":true,"href":"https:\/\/www.beautyclinicsonvida.com\/de\/wp-json\/wp\/v2\/media\/876"}],"wp:attachment":[{"href":"https:\/\/www.beautyclinicsonvida.com\/de\/wp-json\/wp\/v2\/media?parent=388"}],"wp:term":[{"taxonomy":"product_cat","embeddable":true,"href":"https:\/\/www.beautyclinicsonvida.com\/de\/wp-json\/wp\/v2\/product_cat?post=388"},{"taxonomy":"product_tag","embeddable":true,"href":"https:\/\/www.beautyclinicsonvida.com\/de\/wp-json\/wp\/v2\/product_tag?post=388"}],"curies":[{"name":"wp","href":"https:\/\/api.w.org\/{rel}","templated":true}]}}