{"id":674,"date":"2023-06-25T14:06:07","date_gmt":"2023-06-25T14:06:07","guid":{"rendered":"https:\/\/www.beautyclinicsonvida.com\/?post_type=product&#038;p=674"},"modified":"2024-10-17T18:51:58","modified_gmt":"2024-10-17T18:51:58","slug":"joyskin","status":"publish","type":"product","link":"https:\/\/www.beautyclinicsonvida.com\/de\/produkt\/joyskin\/","title":{"rendered":"JOYSKIN SERUM for a refreshed younger look\u00a0"},"content":{"rendered":"<p><a href=\"http:\/\/www.beautyclinicsonvida.com\/wp-content\/uploads\/2023\/06\/JOYSKIN-1024x576-1.png\"><img fetchpriority=\"high\" decoding=\"async\" class=\"wp-image-680 aligncenter\" src=\"http:\/\/www.beautyclinicsonvida.com\/wp-content\/uploads\/2023\/09\/joyskin.jpg\" alt=\"\" width=\"913\" height=\"514\" srcset=\"https:\/\/www.beautyclinicsonvida.com\/wp-content\/uploads\/2023\/09\/joyskin.jpg 1280w, https:\/\/www.beautyclinicsonvida.com\/wp-content\/uploads\/2023\/09\/joyskin-300x169.jpg 300w, https:\/\/www.beautyclinicsonvida.com\/wp-content\/uploads\/2023\/09\/joyskin-1024x576.jpg 1024w, https:\/\/www.beautyclinicsonvida.com\/wp-content\/uploads\/2023\/09\/joyskin-768x432.jpg 768w, https:\/\/www.beautyclinicsonvida.com\/wp-content\/uploads\/2023\/09\/joyskin-18x10.jpg 18w, https:\/\/www.beautyclinicsonvida.com\/wp-content\/uploads\/2023\/09\/joyskin-800x450.jpg 800w, https:\/\/www.beautyclinicsonvida.com\/wp-content\/uploads\/2023\/09\/joyskin-600x338.jpg 600w\" sizes=\"(max-width: 913px) 100vw, 913px\" \/><\/a><\/p>\n<p><strong>Anwendung:<\/strong><\/p>\n<p><a href=\"http:\/\/www.beautyclinicsonvida.com\/wp-content\/uploads\/2023\/06\/Joyskin-application-600x600-1.jpg\"><img decoding=\"async\" class=\"wp-image-677 alignleft\" src=\"http:\/\/www.beautyclinicsonvida.com\/wp-content\/uploads\/2023\/06\/Joyskin-application-600x600-1-300x300.jpg\" alt=\"\" width=\"320\" height=\"320\" srcset=\"https:\/\/www.beautyclinicsonvida.com\/wp-content\/uploads\/2023\/06\/Joyskin-application-600x600-1-300x300.jpg 300w, https:\/\/www.beautyclinicsonvida.com\/wp-content\/uploads\/2023\/06\/Joyskin-application-600x600-1-150x150.jpg 150w, https:\/\/www.beautyclinicsonvida.com\/wp-content\/uploads\/2023\/06\/Joyskin-application-600x600-1-100x100.jpg 100w, https:\/\/www.beautyclinicsonvida.com\/wp-content\/uploads\/2023\/06\/Joyskin-application-600x600-1.jpg 600w\" sizes=\"(max-width: 320px) 100vw, 320px\" \/><\/a><\/p>\n<p>TheONE JOYSKIN<\/p>\n<p><span class=\"s1\">Tragen Sie morgens 1\u20132 Pumpst\u00f6\u00dfe JOYSKIN gleichm\u00e4\u00dfig auf Gesicht, Hals und Dekollet\u00e9 auf.<\/span><\/p>\n<p>JOYSKIN macht\u00a0<strong>Sie nicht nur gutaussehend<\/strong>sondern\u00a0<strong>gibt Ihnen auch ein gutes Gef\u00fchl<\/strong><\/p>\n<h6>Active Heroes INCI: timur green vegetal\u00a0<span class=\"WdYUQQ\">Hamamelis virginiana leaf extract, sodium hyaluronate,nicotina benthamiana hexapeptide-40 sh polypeptide-47,cimicifuga racemosa root extract, vitis vinifera fruit cell extract.<\/span><\/h6>\n<p><strong>\u00a0<\/strong><\/p>\n<p>&nbsp;<\/p>\n<p>&nbsp;<\/p>\n<p>Wer kennt es nicht? Ein Tag voller Meetings, Arbeiten von morgens bis abends, ein kurzer Einkaufsbummel nach der Arbeit und zu Hause wartet Ihre Familie. Es bleibt keine Zeit zum Entspannen.\u00a0<strong>Doch genau das brauchen unser K\u00f6rper, unsere Seele und unsere Haut.\u00a0<\/strong><\/p>\n<p>JOYSKIN l\u00e4sst dich nicht nur gut aussehen, sondern<strong>\u00a0gibt auch ein Wohlgef\u00fchl bis zu +50%\u00a0<\/strong><\/p>\n<p><strong>JOYSKIN f\u00fcr ein erfrischtes, j\u00fcngeres Aussehen\u00a0 \u00a0\u00a0<\/strong><\/p>\n<ul>\n<li>Reduziert Kr\u00e4henf\u00fc\u00dfe um 28,4 % und 24 % weniger Nasolabialfalten<\/li>\n<li>KOLLAGEN ERH\u00d6HEN<\/li>\n<li>Anti-Aging ERFRISCHTE und J\u00dcNGERE HAUT<\/li>\n<\/ul>\n<p>&nbsp;<\/p>\n<p><a href=\"http:\/\/www.beautyclinicsonvida.com\/wp-content\/uploads\/2023\/06\/naturejoyskin-1024x266-1.jpg\"><img decoding=\"async\" class=\"wp-image-681 aligncenter\" src=\"http:\/\/www.beautyclinicsonvida.com\/wp-content\/uploads\/2023\/06\/naturejoyskin-1024x266-1-300x78.jpg\" alt=\"\" width=\"873\" height=\"227\" srcset=\"https:\/\/www.beautyclinicsonvida.com\/wp-content\/uploads\/2023\/06\/naturejoyskin-1024x266-1-300x78.jpg 300w, https:\/\/www.beautyclinicsonvida.com\/wp-content\/uploads\/2023\/06\/naturejoyskin-1024x266-1-768x200.jpg 768w, https:\/\/www.beautyclinicsonvida.com\/wp-content\/uploads\/2023\/06\/naturejoyskin-1024x266-1-600x156.jpg 600w, https:\/\/www.beautyclinicsonvida.com\/wp-content\/uploads\/2023\/06\/naturejoyskin-1024x266-1.jpg 1024w\" sizes=\"(max-width: 873px) 100vw, 873px\" \/><\/a><\/p>","protected":false},"excerpt":{"rendered":"<p><span style=\"color: #808080;\">100ml<\/span><\/p>\n<p>IHRE HAUT SIEHT J\u00dcNGER AUS \u2013 TheONE JOYSKIN ist ein gr\u00fcner, preisgekr\u00f6nter Wirkstoff, der Ihrer Haut hilft, j\u00fcnger auszusehen<\/p>\n<ul>\n<li>+50 % AKTIVE POSITIVE STIMMUNG<\/li>\n<li>STEIGERT die POSITIVE STIMMUNG<\/li>\n<li>Bringt Gleichgewicht in Ihr Leben und schafft Gl\u00fcck<\/li>\n<li>-50 % WENIGER negative Stimmung<\/li>\n<li>REDUZIERUNG von emotionalem STRESS<\/li>\n<li>Reduziert Kr\u00e4henf\u00fc\u00dfe um 28,4 % und 24 % weniger Nasolabialfalten<\/li>\n<li>KOLLAGEN ERH\u00d6HEN<\/li>\n<li>Anti-Aging ERFRISCHTE und J\u00dcNGERE HAUT<\/li>\n<\/ul>","protected":false},"featured_media":877,"comment_status":"open","ping_status":"closed","template":"","meta":{"ocean_post_layout":"full-width","ocean_both_sidebars_style":"","ocean_both_sidebars_content_width":0,"ocean_both_sidebars_sidebars_width":0,"ocean_sidebar":"0","ocean_second_sidebar":"0","ocean_disable_margins":"enable","ocean_add_body_class":"","ocean_shortcode_before_top_bar":"","ocean_shortcode_after_top_bar":"","ocean_shortcode_before_header":"","ocean_shortcode_after_header":"","ocean_has_shortcode":"","ocean_shortcode_after_title":"","ocean_shortcode_before_footer_widgets":"","ocean_shortcode_after_footer_widgets":"","ocean_shortcode_before_footer_bottom":"","ocean_shortcode_after_footer_bottom":"","ocean_display_top_bar":"default","ocean_display_header":"default","ocean_header_style":"","ocean_center_header_left_menu":"0","ocean_custom_header_template":"0","ocean_custom_logo":0,"ocean_custom_retina_logo":0,"ocean_custom_logo_max_width":0,"ocean_custom_logo_tablet_max_width":0,"ocean_custom_logo_mobile_max_width":0,"ocean_custom_logo_max_height":0,"ocean_custom_logo_tablet_max_height":0,"ocean_custom_logo_mobile_max_height":0,"ocean_header_custom_menu":"0","ocean_menu_typo_font_family":"0","ocean_menu_typo_font_subset":"","ocean_menu_typo_font_size":0,"ocean_menu_typo_font_size_tablet":0,"ocean_menu_typo_font_size_mobile":0,"ocean_menu_typo_font_size_unit":"px","ocean_menu_typo_font_weight":"","ocean_menu_typo_font_weight_tablet":"","ocean_menu_typo_font_weight_mobile":"","ocean_menu_typo_transform":"","ocean_menu_typo_transform_tablet":"","ocean_menu_typo_transform_mobile":"","ocean_menu_typo_line_height":0,"ocean_menu_typo_line_height_tablet":0,"ocean_menu_typo_line_height_mobile":0,"ocean_menu_typo_line_height_unit":"","ocean_menu_typo_spacing":0,"ocean_menu_typo_spacing_tablet":0,"ocean_menu_typo_spacing_mobile":0,"ocean_menu_typo_spacing_unit":"","ocean_menu_link_color":"","ocean_menu_link_color_hover":"","ocean_menu_link_color_active":"","ocean_menu_link_background":"","ocean_menu_link_hover_background":"","ocean_menu_link_active_background":"","ocean_menu_social_links_bg":"","ocean_menu_social_hover_links_bg":"","ocean_menu_social_links_color":"","ocean_menu_social_hover_links_color":"","ocean_disable_title":"on","ocean_disable_heading":"default","ocean_post_title":"","ocean_post_subheading":"","ocean_post_title_style":"","ocean_post_title_background_color":"","ocean_post_title_background":0,"ocean_post_title_bg_image_position":"","ocean_post_title_bg_image_attachment":"","ocean_post_title_bg_image_repeat":"","ocean_post_title_bg_image_size":"","ocean_post_title_height":0,"ocean_post_title_bg_overlay":0.5,"ocean_post_title_bg_overlay_color":"","ocean_disable_breadcrumbs":"default","ocean_breadcrumbs_color":"","ocean_breadcrumbs_separator_color":"","ocean_breadcrumbs_links_color":"","ocean_breadcrumbs_links_hover_color":"","ocean_display_footer_widgets":"default","ocean_display_footer_bottom":"default","ocean_custom_footer_template":"0"},"product_cat":[27],"product_tag":[],"_links":{"self":[{"href":"https:\/\/www.beautyclinicsonvida.com\/de\/wp-json\/wp\/v2\/product\/674"}],"collection":[{"href":"https:\/\/www.beautyclinicsonvida.com\/de\/wp-json\/wp\/v2\/product"}],"about":[{"href":"https:\/\/www.beautyclinicsonvida.com\/de\/wp-json\/wp\/v2\/types\/product"}],"replies":[{"embeddable":true,"href":"https:\/\/www.beautyclinicsonvida.com\/de\/wp-json\/wp\/v2\/comments?post=674"}],"wp:featuredmedia":[{"embeddable":true,"href":"https:\/\/www.beautyclinicsonvida.com\/de\/wp-json\/wp\/v2\/media\/877"}],"wp:attachment":[{"href":"https:\/\/www.beautyclinicsonvida.com\/de\/wp-json\/wp\/v2\/media?parent=674"}],"wp:term":[{"taxonomy":"product_cat","embeddable":true,"href":"https:\/\/www.beautyclinicsonvida.com\/de\/wp-json\/wp\/v2\/product_cat?post=674"},{"taxonomy":"product_tag","embeddable":true,"href":"https:\/\/www.beautyclinicsonvida.com\/de\/wp-json\/wp\/v2\/product_tag?post=674"}],"curies":[{"name":"wp","href":"https:\/\/api.w.org\/{rel}","templated":true}]}}