{"id":758,"date":"2023-09-22T14:12:47","date_gmt":"2023-09-22T14:12:47","guid":{"rendered":"https:\/\/www.beautyclinicsonvida.com\/?post_type=product&#038;p=758"},"modified":"2024-10-17T18:39:00","modified_gmt":"2024-10-17T18:39:00","slug":"hair-growth-anti-hair-loss-serum","status":"publish","type":"product","link":"https:\/\/www.beautyclinicsonvida.com\/de\/produkt\/hair-growth-anti-hair-loss-serum\/","title":{"rendered":"HAIR GROWTH SERUM works specifically on the sleeping STEM CELLS under the scalp and  hair growth will be activated"},"content":{"rendered":"<h3 class=\"has-text-color has-background has-very-dark-gray-color\">HAIR GROWTH ANTI-HAIR LOSS Serum<\/h3>\n<blockquote><p><strong>AKTIVIERT DAS HAARWACHSTUM um 214 %, das ist eine h\u00f6here Aktivit\u00e4t als das Referenz-Haarprodukt auf dem Markt. Es ist der erste kosmetische Inhaltsstoff f\u00fcr die Haarpflege, der auf REGENERATIVER MEDIZIN basiert.<\/strong><\/p><\/blockquote>\n<p>HAIR GROWTH Serum ist ein leistungsstarkes Haarpflegeprodukt, das f\u00fcr ein unglaubliches Haarergebnis entwickelt wurde.<\/p>\n<p><a href=\"http:\/\/www.beautyclinicsonvida.com\/wp-content\/uploads\/2023\/09\/hairgrowth_-768x356-1.jpg\"><img fetchpriority=\"high\" decoding=\"async\" class=\"alignnone wp-image-761\" src=\"http:\/\/www.beautyclinicsonvida.com\/wp-content\/uploads\/2023\/09\/hairgrowth_-768x356-1-300x139.jpg\" alt=\"\" width=\"701\" height=\"325\" srcset=\"https:\/\/www.beautyclinicsonvida.com\/wp-content\/uploads\/2023\/09\/hairgrowth_-768x356-1-300x139.jpg 300w, https:\/\/www.beautyclinicsonvida.com\/wp-content\/uploads\/2023\/09\/hairgrowth_-768x356-1-18x8.jpg 18w, https:\/\/www.beautyclinicsonvida.com\/wp-content\/uploads\/2023\/09\/hairgrowth_-768x356-1-600x278.jpg 600w, https:\/\/www.beautyclinicsonvida.com\/wp-content\/uploads\/2023\/09\/hairgrowth_-768x356-1.jpg 768w\" sizes=\"(max-width: 701px) 100vw, 701px\" \/><\/a><\/p>\n<p><strong>Links<\/strong>\u00a0Vorher\u00a0 \u00a0\u00a0<strong>Rechts<\/strong>\u00a0Nach 5 Wochen<\/p>\n<p><a href=\"http:\/\/www.beautyclinicsonvida.com\/wp-content\/uploads\/2023\/09\/hairgrowth-1-768x425-1.png\"><img decoding=\"async\" class=\"alignnone wp-image-762\" src=\"http:\/\/www.beautyclinicsonvida.com\/wp-content\/uploads\/2023\/09\/hairgrowth-1-768x425-1-300x166.png\" alt=\"\" width=\"700\" height=\"387\" srcset=\"https:\/\/www.beautyclinicsonvida.com\/wp-content\/uploads\/2023\/09\/hairgrowth-1-768x425-1-300x166.png 300w, https:\/\/www.beautyclinicsonvida.com\/wp-content\/uploads\/2023\/09\/hairgrowth-1-768x425-1-18x10.png 18w, https:\/\/www.beautyclinicsonvida.com\/wp-content\/uploads\/2023\/09\/hairgrowth-1-768x425-1-600x332.png 600w, https:\/\/www.beautyclinicsonvida.com\/wp-content\/uploads\/2023\/09\/hairgrowth-1-768x425-1.png 768w\" sizes=\"(max-width: 700px) 100vw, 700px\" \/><\/a><\/p>\n<p>FORMEL MIT TIEFE EINDRINGUNG, UM DIE URSACHE VON HAARAUSFALL ZU BEENDET. Dieses HAARWACHSTUMS-Serum wirkt gezielt auf die Stammzellen des HAARFOLLIKELS und aktiviert deren Teilung.<\/p>\n<p>Der Wirkstoff kombiniert mit drei patentierten MOLEK\u00dcLEN wirkt 214 % effektiver als die \u00fcbliche MARKTREFERENZ. 3-mal ST\u00c4RKER und WIRKSAM gegen HAARAUSFALL, lassen Sie Ihr Haar wieder wachsen.<\/p>\n<p><strong>HAIR GROWTH<\/strong>\u00a0weckt schlafende Zellen<strong>\u00a0die klinische Studie<\/strong>\u00a0wurde speziell mit Menschen durchgef\u00fchrt, die von androgenetischer ALOPEZIE betroffen sind.\u00a0<strong>Die Ergebnisse waren ausgezeichnet<\/strong>\u00a0und das in weniger als 3 Monaten\u00a0<strong>Haare begannen wieder zu wachsen\u00a0<\/strong>und\u00a0<strong>Haarausfall wird reduziert<\/strong>.\u00a0<strong>Deutlicher Haarwachstum.<\/strong><\/p>\n<h3><strong><em>ST\u00c4RKERES UND DICHTERES HAAR<\/em><\/strong><\/h3>\n<p>Deutlich st\u00e4rker und wirksamer als die Markenreferenz Minoxidil<\/p>\n<p>Nach 7 Tagen erfolgt diese klinisch getestete Intensivkur\u00a0<strong>zeigte<\/strong>\u00a0und\u00a0<strong>f\u00fchrt zu Haarst\u00e4rke und dichte<\/strong><\/p>\n<p>Verspricht\u00a0<strong>eine intensive<\/strong>\u00a0Verj\u00fcngung<strong>\u00a0Ihrer Haare<\/strong>\u00a0Dank\u00a0<strong>seiner kraftvollen Formel, sehr hochkonzentriert an pflanzlichen Extrakten, Proteinen, Vitaminen und Mineralien. Das Ergebnis sind bis zu 18.200 NEUE HAARE<\/strong><\/p>\n<p>Die<strong>\u00a0INHALTSSTOFFE<\/strong>\u00a0mit\u00a0<strong>3 PATENTIERTE MOLEK\u00dcLE \u2013 HAARWACHSTUM Bioplant\u00a0<\/strong>mit Redensyl 20%,Capixyl 20%, Kapilarine 20%.\u00a0<strong>St\u00e4rkt das Haar,<\/strong>\u00a0<strong>Stoppt Haarausfall und hilft, das Haar zu verankern und widerstandsf\u00e4higer zu machen.<\/strong><\/p>\n<p><strong>Anwendung:<\/strong>\u00a0Abends in die Kopfhaut einmassieren, nicht auswaschen<\/p>\n<p><strong>Empfehlung:\u00a0<\/strong>Um das Kopfhaar zu stabilisieren und langfristig gesund wachsen zu lassen, empfiehlt sich eine 3-monatige Kur.<\/p>\n<h4>HERO INGREDIENTS<\/h4>\n<ul>\n<li>The ingredient combined with 3 patented MOLECULES, 20% Redensyl, 20% Capixyl, 20% Kapilarine.\u00a0<strong>St\u00e4rkt das Haar,<\/strong>\u00a0<strong>Stoppt Haarausfall und hilft, das Haar zu verankern und widerstandsf\u00e4higer zu machen.<\/strong><\/li>\n<\/ul>\n<p>&nbsp;<\/p>","protected":false},"excerpt":{"rendered":"<p>100ml<\/p>\n<ul>\n<li><strong>HAIR GROWTH aktiviert das Haarwachstum um 214 %<\/strong><\/li>\n<li>Funktioniert speziell beim Schlafen\u00a0<strong>STAMMZELLEN<\/strong> under the scalp\u00a0and\u00a0\u00a0<strong>hair growth <\/strong>will be\u00a0<strong>activated<\/strong><\/li>\n<li><strong>STOPPEN SIE HAARAUSFALL<\/strong><\/li>\n<li>Hilft\u00a0<strong>mit<\/strong>\u00a0gesundem Haar<\/li>\n<li>St\u00e4rkt\u00a0<strong>&amp;<\/strong>\u00a0stellt wieder her<\/li>\n<li><strong>Intensive Haar<\/strong>\u00a0und\u00a0<strong>f\u00fcr<\/strong>\u00a0die\u00a0<strong>Kopfhaut<\/strong><\/li>\n<li><strong>3-mal st\u00e4rkere Wirkung<\/strong><\/li>\n<\/ul>\n<p>&nbsp;<\/p>","protected":false},"featured_media":760,"comment_status":"open","ping_status":"closed","template":"","meta":{"ocean_post_layout":"full-width","ocean_both_sidebars_style":"","ocean_both_sidebars_content_width":0,"ocean_both_sidebars_sidebars_width":0,"ocean_sidebar":"0","ocean_second_sidebar":"0","ocean_disable_margins":"enable","ocean_add_body_class":"","ocean_shortcode_before_top_bar":"","ocean_shortcode_after_top_bar":"","ocean_shortcode_before_header":"","ocean_shortcode_after_header":"","ocean_has_shortcode":"","ocean_shortcode_after_title":"","ocean_shortcode_before_footer_widgets":"","ocean_shortcode_after_footer_widgets":"","ocean_shortcode_before_footer_bottom":"","ocean_shortcode_after_footer_bottom":"","ocean_display_top_bar":"default","ocean_display_header":"default","ocean_header_style":"","ocean_center_header_left_menu":"0","ocean_custom_header_template":"0","ocean_custom_logo":0,"ocean_custom_retina_logo":0,"ocean_custom_logo_max_width":0,"ocean_custom_logo_tablet_max_width":0,"ocean_custom_logo_mobile_max_width":0,"ocean_custom_logo_max_height":0,"ocean_custom_logo_tablet_max_height":0,"ocean_custom_logo_mobile_max_height":0,"ocean_header_custom_menu":"0","ocean_menu_typo_font_family":"0","ocean_menu_typo_font_subset":"","ocean_menu_typo_font_size":0,"ocean_menu_typo_font_size_tablet":0,"ocean_menu_typo_font_size_mobile":0,"ocean_menu_typo_font_size_unit":"px","ocean_menu_typo_font_weight":"","ocean_menu_typo_font_weight_tablet":"","ocean_menu_typo_font_weight_mobile":"","ocean_menu_typo_transform":"","ocean_menu_typo_transform_tablet":"","ocean_menu_typo_transform_mobile":"","ocean_menu_typo_line_height":0,"ocean_menu_typo_line_height_tablet":0,"ocean_menu_typo_line_height_mobile":0,"ocean_menu_typo_line_height_unit":"","ocean_menu_typo_spacing":0,"ocean_menu_typo_spacing_tablet":0,"ocean_menu_typo_spacing_mobile":0,"ocean_menu_typo_spacing_unit":"","ocean_menu_link_color":"","ocean_menu_link_color_hover":"","ocean_menu_link_color_active":"","ocean_menu_link_background":"","ocean_menu_link_hover_background":"","ocean_menu_link_active_background":"","ocean_menu_social_links_bg":"","ocean_menu_social_hover_links_bg":"","ocean_menu_social_links_color":"","ocean_menu_social_hover_links_color":"","ocean_disable_title":"on","ocean_disable_heading":"default","ocean_post_title":"","ocean_post_subheading":"","ocean_post_title_style":"","ocean_post_title_background_color":"","ocean_post_title_background":0,"ocean_post_title_bg_image_position":"","ocean_post_title_bg_image_attachment":"","ocean_post_title_bg_image_repeat":"","ocean_post_title_bg_image_size":"","ocean_post_title_height":0,"ocean_post_title_bg_overlay":0.5,"ocean_post_title_bg_overlay_color":"","ocean_disable_breadcrumbs":"default","ocean_breadcrumbs_color":"","ocean_breadcrumbs_separator_color":"","ocean_breadcrumbs_links_color":"","ocean_breadcrumbs_links_hover_color":"","ocean_display_footer_widgets":"default","ocean_display_footer_bottom":"default","ocean_custom_footer_template":"0"},"product_cat":[38],"product_tag":[],"_links":{"self":[{"href":"https:\/\/www.beautyclinicsonvida.com\/de\/wp-json\/wp\/v2\/product\/758"}],"collection":[{"href":"https:\/\/www.beautyclinicsonvida.com\/de\/wp-json\/wp\/v2\/product"}],"about":[{"href":"https:\/\/www.beautyclinicsonvida.com\/de\/wp-json\/wp\/v2\/types\/product"}],"replies":[{"embeddable":true,"href":"https:\/\/www.beautyclinicsonvida.com\/de\/wp-json\/wp\/v2\/comments?post=758"}],"wp:featuredmedia":[{"embeddable":true,"href":"https:\/\/www.beautyclinicsonvida.com\/de\/wp-json\/wp\/v2\/media\/760"}],"wp:attachment":[{"href":"https:\/\/www.beautyclinicsonvida.com\/de\/wp-json\/wp\/v2\/media?parent=758"}],"wp:term":[{"taxonomy":"product_cat","embeddable":true,"href":"https:\/\/www.beautyclinicsonvida.com\/de\/wp-json\/wp\/v2\/product_cat?post=758"},{"taxonomy":"product_tag","embeddable":true,"href":"https:\/\/www.beautyclinicsonvida.com\/de\/wp-json\/wp\/v2\/product_tag?post=758"}],"curies":[{"name":"wp","href":"https:\/\/api.w.org\/{rel}","templated":true}]}}