{"id":763,"date":"2023-09-22T14:33:10","date_gmt":"2023-09-22T14:33:10","guid":{"rendered":"https:\/\/www.beautyclinicsonvida.com\/?post_type=product&#038;p=763"},"modified":"2024-11-29T14:59:22","modified_gmt":"2024-11-29T14:59:22","slug":"hair-growth-women","status":"publish","type":"product","link":"https:\/\/www.beautyclinicsonvida.com\/de\/produkt\/hair-growth-women\/","title":{"rendered":"HAIR GROWTH SERUM up to 21.000 new hairs fuller hair will be activated"},"content":{"rendered":"<h3>HAIR GROWTH WOMEN<\/h3>\n<blockquote><p><strong>EIN NEUES LIFESTYLE-GEF\u00dcHL Dieses hochkonzentrierte Serum aktiviert die ZELLEN und wirkt deutlich gegen d\u00fcnner werdendes Haar und Haarausfallph\u00e4nomene, bevor sie auftreten. Es hat sich auch bei Frauen in den Wechseljahren bew\u00e4hrt, dass es ihr Haar jugendlich h\u00e4lt.<\/strong><\/p>\n<p><strong>ERFOLG auf ganzer Linie, 91 % der Frauen w\u00fcnschen sich volles, dichtes und gesundes Haar, junge, sch\u00f6ne und volle Haare unterstreichen die Attraktivit\u00e4t der Frau\u00a0<\/strong><\/p>\n<p><strong>In Studien best\u00e4tigt<\/strong><\/p><\/blockquote>\n<h4><\/h4>\n<h4>Gesunde Kopfhaut und volles Haar<\/h4>\n<p><strong>HAARWACHSTUM FRAUEN ERH\u00d6HT den KOLLAGENGEHALT durch Hemmung des Elastase-Enzyms, sodass dieses hochkonzentrierte Serum deutlich auf Zeichen der Hautalterung wirkt, bevor sie auftreten (z. B. graues Haar, sch\u00fctteres Haar, Haarausfall).<\/strong><\/p>\n<p><strong>HAIR GROWTH WOMEN<\/strong>\u00a0<strong>sorgt f\u00fcr eine gesunde Kopfhaut und volles Haar<\/strong><\/p>\n<p><strong>HAIR GROWTH WOMEN erh\u00f6ht die Proliferation positiver Zellen im Haarfollikel.<\/strong><\/p>\n<p class=\"p1\"><span class=\"s1\"><b>St\u00e4rken Sie die Haarfollikel<\/b><\/span><\/p>\n<p class=\"p1\"><span class=\"s1\"><b>HAIR GROWTH WOMEN ist einzigartig, um der SCHW\u00c4CHUNG der HAARFOLLIKEL entgegenzuwirken. Durch die ANWENDUNG wird das \u00dcberleben der proliferativen Zellen nach 7 Tagen deutlich verbessert, das HAAR erh\u00e4lt Volumen und ein JUGENDLICHES AUSSEHEN<\/b><\/span><\/p>\n<p class=\"p1\"><span class=\"s1\"><b>In unserem neuesten Innovationsprodukt haben wir alte ayurvedische Well-Aging-Geheimnisse und fortschrittliche botanische Forschung kombiniert.<\/b><\/span><\/p>\n<p class=\"p1\"><span class=\"s1\"><b>Alterserscheinungen im HAAR (d\u00fcnnes, br\u00fcchiges und kraftloses Haar) werden mit HAARWACHSTUM FRAUEN r\u00fcckg\u00e4ngig gemacht und steigern WOHLBEFINDEN und SELBSTVERTRAUEN<\/b><\/span><\/p>\n<p class=\"p1\"><span class=\"s1\"><b>L\u00c4NGER JUNGES HAAR F\u00dcR L\u00c4NGER<\/b><\/span><\/p>\n<p class=\"p1\"><span class=\"s1\"><b>Erh\u00f6ht die Anzahl der HAARE\u00a0<\/b><\/span><\/p>\n<p class=\"p1\"><span class=\"s1\"><b>Stoppen Sie Haarausfall<\/b><\/span><\/p>\n<p class=\"p1\"><span class=\"s1\"><b>Wirkt deutlich gegen Zeichen der Haaralterung, HAARVERDICHTUNG f\u00fcr ein JUGENDHAAR<\/b><\/span><\/p>\n<p>&nbsp;<\/p>\n<p class=\"p1\"><span class=\"s1\"><b>Anwendung: Abends in die Kopfhaut einmassieren, nicht auswaschen.<\/b><\/span><\/p>\n<p class=\"p1\"><span class=\"s1\"><b>Empfehlung: Regelm\u00e4\u00dfige Anwendung steigert das Wohlbefinden, HAARWACHSTUM wird angeregt, die Anwendungsdauer wird als 3-monatige Kur empfohlen, Sie k\u00f6nnen dieses Produkt bei Bedarf mehrmals im Jahr wiederholen.<\/b><\/span><\/p>\n<p>&nbsp;<\/p>\n<p class=\"p1\"><span class=\"s1\"><b>HERO INGREDIENTS<\/b><\/span><\/p>\n<ul class=\"ul1\">\n<li class=\"li1\"><b><\/b><span class=\"s2\"><b>Phyllanthus emblica\/st\u00e4rkt die Kopfhaut und das Haar, reduziert den vorzeitigen Pigmentverlust der Haare oder das Ergrauen, stimuliert das Haarwachstum, reduziert den Haarausfall, beugt Schuppen und trockener Kopfhaut vor oder behandelt sie.<\/b><\/span><\/li>\n<\/ul>","protected":false},"excerpt":{"rendered":"<p>100ml<\/p>\n<ul>\n<li><strong>Reaktiviert und revitalisiert die Haarwurzeln, was zu HAARWACHSTUM f\u00fchrt<\/strong><\/li>\n<li><strong>Kr\u00e4ftiges und dichtes Haar<\/strong><\/li>\n<li><strong>Bis zu 21.480 neue Haare auf der gesamten Kopfhaut<\/strong><\/li>\n<li><strong>Eine gesunde Kopfhaut f\u00fcr gesundes Haar<\/strong><\/li>\n<li><strong>Anti-Aging-Pr\u00e4vention<\/strong><\/li>\n<li><strong>Wirkt stimulierend auf die Haarfollikel<\/strong><\/li>\n<li><strong>Wirkt auf die Zeichen der Kopfhautalterung, bevor sie auftreten<\/strong><\/li>\n<li><strong>Verj\u00fcngt das Haar<\/strong><\/li>\n<li><strong>Sch\u00fctzt das Haar vor hormonellen Ver\u00e4nderungen<\/strong><\/li>\n<li><strong>Verleiht dem Haar mehr Glanz und st\u00e4rkt kraftloses Haar<\/strong><\/li>\n<li><strong>Entgiftet die Haarwurzeln<\/strong><\/li>\n<li><strong>L\u00e4sst das Haar dynamisch und jung aussehen<\/strong><\/li>\n<li><strong>In Studien best\u00e4tigt\u00a0<\/strong><\/li>\n<\/ul>","protected":false},"featured_media":764,"comment_status":"open","ping_status":"closed","template":"","meta":{"ocean_post_layout":"full-width","ocean_both_sidebars_style":"","ocean_both_sidebars_content_width":0,"ocean_both_sidebars_sidebars_width":0,"ocean_sidebar":"0","ocean_second_sidebar":"0","ocean_disable_margins":"enable","ocean_add_body_class":"","ocean_shortcode_before_top_bar":"","ocean_shortcode_after_top_bar":"","ocean_shortcode_before_header":"","ocean_shortcode_after_header":"","ocean_has_shortcode":"","ocean_shortcode_after_title":"","ocean_shortcode_before_footer_widgets":"","ocean_shortcode_after_footer_widgets":"","ocean_shortcode_before_footer_bottom":"","ocean_shortcode_after_footer_bottom":"","ocean_display_top_bar":"default","ocean_display_header":"default","ocean_header_style":"","ocean_center_header_left_menu":"0","ocean_custom_header_template":"0","ocean_custom_logo":0,"ocean_custom_retina_logo":0,"ocean_custom_logo_max_width":0,"ocean_custom_logo_tablet_max_width":0,"ocean_custom_logo_mobile_max_width":0,"ocean_custom_logo_max_height":0,"ocean_custom_logo_tablet_max_height":0,"ocean_custom_logo_mobile_max_height":0,"ocean_header_custom_menu":"0","ocean_menu_typo_font_family":"0","ocean_menu_typo_font_subset":"","ocean_menu_typo_font_size":0,"ocean_menu_typo_font_size_tablet":0,"ocean_menu_typo_font_size_mobile":0,"ocean_menu_typo_font_size_unit":"px","ocean_menu_typo_font_weight":"","ocean_menu_typo_font_weight_tablet":"","ocean_menu_typo_font_weight_mobile":"","ocean_menu_typo_transform":"","ocean_menu_typo_transform_tablet":"","ocean_menu_typo_transform_mobile":"","ocean_menu_typo_line_height":0,"ocean_menu_typo_line_height_tablet":0,"ocean_menu_typo_line_height_mobile":0,"ocean_menu_typo_line_height_unit":"","ocean_menu_typo_spacing":0,"ocean_menu_typo_spacing_tablet":0,"ocean_menu_typo_spacing_mobile":0,"ocean_menu_typo_spacing_unit":"","ocean_menu_link_color":"","ocean_menu_link_color_hover":"","ocean_menu_link_color_active":"","ocean_menu_link_background":"","ocean_menu_link_hover_background":"","ocean_menu_link_active_background":"","ocean_menu_social_links_bg":"","ocean_menu_social_hover_links_bg":"","ocean_menu_social_links_color":"","ocean_menu_social_hover_links_color":"","ocean_disable_title":"on","ocean_disable_heading":"default","ocean_post_title":"","ocean_post_subheading":"","ocean_post_title_style":"","ocean_post_title_background_color":"","ocean_post_title_background":0,"ocean_post_title_bg_image_position":"","ocean_post_title_bg_image_attachment":"","ocean_post_title_bg_image_repeat":"","ocean_post_title_bg_image_size":"","ocean_post_title_height":0,"ocean_post_title_bg_overlay":0.5,"ocean_post_title_bg_overlay_color":"","ocean_disable_breadcrumbs":"default","ocean_breadcrumbs_color":"","ocean_breadcrumbs_separator_color":"","ocean_breadcrumbs_links_color":"","ocean_breadcrumbs_links_hover_color":"","ocean_display_footer_widgets":"default","ocean_display_footer_bottom":"default","ocean_custom_footer_template":"0"},"product_cat":[38],"product_tag":[],"_links":{"self":[{"href":"https:\/\/www.beautyclinicsonvida.com\/de\/wp-json\/wp\/v2\/product\/763"}],"collection":[{"href":"https:\/\/www.beautyclinicsonvida.com\/de\/wp-json\/wp\/v2\/product"}],"about":[{"href":"https:\/\/www.beautyclinicsonvida.com\/de\/wp-json\/wp\/v2\/types\/product"}],"replies":[{"embeddable":true,"href":"https:\/\/www.beautyclinicsonvida.com\/de\/wp-json\/wp\/v2\/comments?post=763"}],"wp:featuredmedia":[{"embeddable":true,"href":"https:\/\/www.beautyclinicsonvida.com\/de\/wp-json\/wp\/v2\/media\/764"}],"wp:attachment":[{"href":"https:\/\/www.beautyclinicsonvida.com\/de\/wp-json\/wp\/v2\/media?parent=763"}],"wp:term":[{"taxonomy":"product_cat","embeddable":true,"href":"https:\/\/www.beautyclinicsonvida.com\/de\/wp-json\/wp\/v2\/product_cat?post=763"},{"taxonomy":"product_tag","embeddable":true,"href":"https:\/\/www.beautyclinicsonvida.com\/de\/wp-json\/wp\/v2\/product_tag?post=763"}],"curies":[{"name":"wp","href":"https:\/\/api.w.org\/{rel}","templated":true}]}}